{"id":590,"date":"2021-10-14T19:53:41","date_gmt":"2021-10-14T19:53:41","guid":{"rendered":"https:\/\/akademiasu.org.pl\/?page_id=590"},"modified":"2026-03-25T00:59:18","modified_gmt":"2026-03-25T00:59:18","slug":"contact","status":"publish","type":"page","link":"https:\/\/akademiasu.org.pl\/?page_id=590","title":{"rendered":"Kontakt"},"content":{"rendered":"\n\n\t\t\t\t<img decoding=\"async\" src=\"https:\/\/akademiasu.org.pl\/wp-content\/uploads\/2021\/11\/Zrzut_ekranu_2021-11-06_140205-removebg-preview.png\" alt=\"Zrzut_ekranu_2021-11-06_140205-removebg-preview\" itemprop=\"image\" height=\"63\" width=\"403\" title=\"Zrzut_ekranu_2021-11-06_140205-removebg-preview\" onerror=\"this.style.display='none'\" loading=\"lazy\" \/>\n\t\t\t<h1>\n\t\t\t\t\tKONTAKT\n\t\t\t\t<\/h1>\n\t\t\t\t<img decoding=\"async\" src=\"https:\/\/akademiasu.org.pl\/wp-content\/uploads\/2021\/11\/Zrzut_ekranu_2021-11-06_140710-removebg-preview.png\" alt=\"Zrzut_ekranu_2021-11-06_140710-removebg-preview\" itemprop=\"image\" height=\"59\" width=\"391\" title=\"Zrzut_ekranu_2021-11-06_140710-removebg-preview\" onerror=\"this.style.display='none'\" loading=\"lazy\" \/>\n\t<p><iframe loading=\"lazy\" src=\"https:\/\/docs.google.com\/forms\/d\/e\/1FAIpQLScoiJn8izZoRcCCMXJMJc9fbeAKNAOtuPQimMOVeQNvrzrCzg\/viewform?embedded=true\" width=\"840\" height=\"1300\" frameborder=\"0\" marginheight=\"0\" marginwidth=\"0\">\u0141aduj\u0119&#8230;<\/iframe><\/p>\n\t\t\t<h2>\n\t\t\t\t\tAkademia Samorz\u0105d\u00f3w Uczniowskich\n\t\t\t\t<\/h2>\n\t\t\t<h6>\n\t\t\t\t\tEmail\n\t\t\t\t<\/h6>\n\t\t\t<p>biuro@akademiasu.org.pl<\/p>\n\t\t\t<h6>\n\t\t\t\t\tTelefon\n\t\t\t\t<\/h6>\n\t\t\t<p>+48 505 710 524<\/p>\n<p>+48 722 319 262 (warsztaty i zaj\u0119cia edukacyjne)<\/p>\n\t\t\t<h2>\n\t\t\t\t\tFUNDACJA SKYRIS\n\t\t\t\t<\/h2>\n\t\t\t<h6>\n\t\t\t\t\tAdres\n\t\t\t\t<\/h6>\n\t\t\t<p>ul. Ostrowska 26, 51-005 Wroc\u0142aw<\/p>\n\t\t\t<h6>\n\t\t\t\t\tNIP\n\t\t\t\t<\/h6>\n\t\t\t<p>8952245227<\/p>\n\t\t\t<h6>\n\t\t\t\t\tREGON\n\t\t\t\t<\/h6>\n\t\t\t<p>52274935000000<\/p>\n\t\t\t<h6>\n\t\t\t\t\tKRS\n\t\t\t\t<\/h6>\n\t\t\t<p>0000985481<\/p>\n\t\t\t<h6>\n\t\t\t\t\tRachunek bie\u017c\u0105cy oraz do sk\u0142adania darowizn\n\t\t\t\t<\/h6>\n\t\t\t<p>68 1090 2398 0000 0001 5892 6359<\/p>\n<p><em>(Santander Bank Polska)<\/em><\/p>\n\n","protected":false},"excerpt":{"rendered":"<p>KONTAKT \u0141aduj\u0119&#8230; Akademia Samorz\u0105d\u00f3w Uczniowskich Email biuro@akademiasu.org.pl Telefon +48 505 710 524 +48 722 319 262 (warsztaty i zaj\u0119cia edukacyjne) FUNDACJA SKYRIS Adres ul. Ostrowska 26, 51-005 Wroc\u0142aw NIP 8952245227 REGON 52274935000000 KRS 0000985481 Rachunek bie\u017c\u0105cy oraz do sk\u0142adania darowizn 68 1090 2398 0000 0001 5892 6359 (Santander Bank Polska)<\/p>\n","protected":false},"author":2,"featured_media":0,"parent":0,"menu_order":0,"comment_status":"closed","ping_status":"closed","template":"","meta":{"site-sidebar-layout":"no-sidebar","site-content-layout":"page-builder","ast-site-content-layout":"default","site-content-style":"default","site-sidebar-style":"default","ast-global-header-display":"","ast-banner-title-visibility":"","ast-main-header-display":"","ast-hfb-above-header-display":"","ast-hfb-below-header-display":"","ast-hfb-mobile-header-display":"","site-post-title":"disabled","ast-breadcrumbs-content":"","ast-featured-img":"disabled","footer-sml-layout":"","theme-transparent-header-meta":"enabled","adv-header-id-meta":"","stick-header-meta":"","header-above-stick-meta":"","header-main-stick-meta":"","header-below-stick-meta":"","astra-migrate-meta-layouts":"default","ast-page-background-enabled":"default","ast-page-background-meta":{"desktop":{"background-color":"","background-image":"","background-repeat":"repeat","background-position":"center center","background-size":"auto","background-attachment":"scroll","background-type":"","background-media":"","overlay-type":"","overlay-color":"","overlay-opacity":"","overlay-gradient":""},"tablet":{"background-color":"","background-image":"","background-repeat":"repeat","background-position":"center center","background-size":"auto","background-attachment":"scroll","background-type":"","background-media":"","overlay-type":"","overlay-color":"","overlay-opacity":"","overlay-gradient":""},"mobile":{"background-color":"","background-image":"","background-repeat":"repeat","background-position":"center center","background-size":"auto","background-attachment":"scroll","background-type":"","background-media":"","overlay-type":"","overlay-color":"","overlay-opacity":"","overlay-gradient":""}},"ast-content-background-meta":{"desktop":{"background-color":"var(--ast-global-color-5)","background-image":"","background-repeat":"repeat","background-position":"center center","background-size":"auto","background-attachment":"scroll","background-type":"","background-media":"","overlay-type":"","overlay-color":"","overlay-opacity":"","overlay-gradient":""},"tablet":{"background-color":"var(--ast-global-color-5)","background-image":"","background-repeat":"repeat","background-position":"center center","background-size":"auto","background-attachment":"scroll","background-type":"","background-media":"","overlay-type":"","overlay-color":"","overlay-opacity":"","overlay-gradient":""},"mobile":{"background-color":"var(--ast-global-color-5)","background-image":"","background-repeat":"repeat","background-position":"center center","background-size":"auto","background-attachment":"scroll","background-type":"","background-media":"","overlay-type":"","overlay-color":"","overlay-opacity":"","overlay-gradient":""}},"footnotes":""},"class_list":["post-590","page","type-page","status-publish","hentry"],"_links":{"self":[{"href":"https:\/\/akademiasu.org.pl\/index.php?rest_route=\/wp\/v2\/pages\/590","targetHints":{"allow":["GET"]}}],"collection":[{"href":"https:\/\/akademiasu.org.pl\/index.php?rest_route=\/wp\/v2\/pages"}],"about":[{"href":"https:\/\/akademiasu.org.pl\/index.php?rest_route=\/wp\/v2\/types\/page"}],"author":[{"embeddable":true,"href":"https:\/\/akademiasu.org.pl\/index.php?rest_route=\/wp\/v2\/users\/2"}],"replies":[{"embeddable":true,"href":"https:\/\/akademiasu.org.pl\/index.php?rest_route=%2Fwp%2Fv2%2Fcomments&post=590"}],"version-history":[{"count":46,"href":"https:\/\/akademiasu.org.pl\/index.php?rest_route=\/wp\/v2\/pages\/590\/revisions"}],"predecessor-version":[{"id":3020,"href":"https:\/\/akademiasu.org.pl\/index.php?rest_route=\/wp\/v2\/pages\/590\/revisions\/3020"}],"wp:attachment":[{"href":"https:\/\/akademiasu.org.pl\/index.php?rest_route=%2Fwp%2Fv2%2Fmedia&parent=590"}],"curies":[{"name":"wp","href":"https:\/\/api.w.org\/{rel}","templated":true}]}}