{"id":587,"date":"2021-10-14T19:53:02","date_gmt":"2021-10-14T19:53:02","guid":{"rendered":"https:\/\/akademiasu.org.pl\/?page_id=587"},"modified":"2026-03-25T01:01:18","modified_gmt":"2026-03-25T01:01:18","slug":"about","status":"publish","type":"page","link":"https:\/\/akademiasu.org.pl\/?page_id=587","title":{"rendered":"O nas"},"content":{"rendered":"\n\n\t\t\t\t<img decoding=\"async\" src=\"https:\/\/akademiasu.org.pl\/wp-content\/uploads\/2021\/11\/Zrzut_ekranu_2021-11-06_140205-removebg-preview.png\" alt=\"Zrzut_ekranu_2021-11-06_140205-removebg-preview\" itemprop=\"image\" height=\"63\" width=\"403\" title=\"Zrzut_ekranu_2021-11-06_140205-removebg-preview\" onerror=\"this.style.display='none'\" loading=\"lazy\" \/>\n\t\t\t<h1>\n\t\t\t\t\tO NAS\n\t\t\t\t<\/h1>\n\t\t\t\t<img decoding=\"async\" src=\"https:\/\/akademiasu.org.pl\/wp-content\/uploads\/2021\/11\/Zrzut_ekranu_2021-11-06_140710-removebg-preview.png\" alt=\"Zrzut_ekranu_2021-11-06_140710-removebg-preview\" itemprop=\"image\" height=\"59\" width=\"391\" title=\"Zrzut_ekranu_2021-11-06_140710-removebg-preview\" onerror=\"this.style.display='none'\" loading=\"lazy\" \/>\n\t\t\t<h3>\n\t\t\t\t\tKIM JESTE\u015aMY?\n\t\t\t\t<\/h3>\n\t\t\t<p>Akademia Samorz\u0105d\u00f3w Uczniowskich zrzesza m\u0142odych i ambitnych ludzi, zaanga\u017cowanych w dzia\u0142ania na rzecz rozwoju samorz\u0105dno\u015bci uczniowskiej. W naszych dzia\u0142aniach skupiamy si\u0119 na edukacji oraz wsparciu m\u0142odzie\u017cy zorganizowanej w ramach spo\u0142eczno\u015bci szk\u00f3\u0142 ponadpodstawowych.<\/p>\n<p>Projekt realizowany jest sukcesywnie od 2019 roku.<\/p>\n\t\t\t\t<img decoding=\"async\" src=\"https:\/\/akademiasu.org.pl\/wp-content\/uploads\/2026\/03\/DSC_0103.jpg\" alt=\"DSC_0103\" itemprop=\"image\" height=\"683\" width=\"1024\" title=\"DSC_0103\" onerror=\"this.style.display='none'\" loading=\"lazy\" \/>\n\t\t\t<h4>\n\t\t\t\t\tNASZE CELE\n\t\t\t\t<\/h4>\n\t\t\t<ul>\n<li>Rozw\u00f3j samorz\u0105dno\u015bci uczniowskiej;<\/li>\n<li>Realizacja koncepcji &#8222;szko\u0142y spo\u0142ecznej&#8221;;<\/li>\n<li>Promowanie zaanga\u017cowania spo\u0142ecznego i samorozwoju obywatelskiego w\u015br\u00f3d m\u0142odych ludzi;<\/li>\n<li>Kszta\u0142towanie przysz\u0142ych kompetentnych i zaanga\u017cowanych lider\u00f3w;<\/li>\n<li>Propagowanie idei samorz\u0105dno\u015bci i spo\u0142ecze\u0144stwa obywatelskiego;<\/li>\n<li>Wzrost zaanga\u017cowania m\u0142odych ludzi\u00a0 w dzia\u0142ania na rzecz spo\u0142eczno\u015bci lokalnej oraz na rzecz rozwoju \u015bwiadomo\u015bci obywatelskiej.<\/li>\n<\/ul>\n\t\t\t<h4>\n\t\t\t\t\tNASZA MISJA\n\t\t\t\t<\/h4>\n\t\t\t<p>Nasz\u0105 misj\u0105 jest zwi\u0119kszanie \u015bwiadomo\u015bci o spo\u0142ecznym i wsp\u00f3lnotowym charakterze szko\u0142y, a co za tym idzie sukcesywny rozw\u00f3j samorz\u0105dno\u015bci uczniowskiej.<\/p>\n<h2>\n\t\t\tNasz zesp\u00f3\u0142\t<\/h2>\n\t\n<h5>\n\t\t\tRozwijaj z nami samorz\u0105dno\u015b\u0107 uczniowsk\u0105\t<\/h5>\n\t\t\t<a href=\"https:\/\/forms.gle\/2tAMBJqFgu5BJBSp7\" target=\"_blank\" rel=\"noopener\"class=\"uabb-button uabb-creative-button uabb-creative-default-btn   \"  role=\"button\">\n\t\t\t\t\t\tDo\u0142\u0105cz do nas!\n\t\t<\/a>\n\t\t\t<h3>\n\t\t\t\t\tCO ROBIMY?\n\t\t\t\t<\/h3>\n\t\t\t<p>Akademia Samorz\u0105d\u00f3w Uczniowskich jest platform\u0105 edukacyjnoszkoleniow\u0105, skierowan\u0105 do spo\u0142eczno\u015bci szkolnych, dzia\u0142aj\u0105cych z ich ramienia samorz\u0105d\u00f3w uczniowskich i ich opiekun\u00f3w, nauczycieli oraz dyrektor\u00f3w szk\u00f3\u0142 ponadpodstawowych.<\/p>\n<p>Nasze dzia\u0142ania maj\u0105 na celu wspieranie i promocje ich dzia\u0142alno\u015bci oraz podejmowanych przez nich inicjatyw. Jako Akademia Samorz\u0105d\u00f3w Uczniowskich stwarzamy mo\u017cliwo\u015bci zdobywania przez nich wiedzy oraz do\u015bwiadczenia organizuj\u0105c dla nich konferencje, spotkania, konsultacje oraz warsztaty.<\/p>\n\t\t\t\t<a href=\"https:\/\/akademiasu.org.pl\/wp-content\/uploads\/2021\/11\/87468603_2777157399019362_7031030573594312704_n.jpg\"  target=\"_self\" itemprop=\"url\">\n\t\t\t\t<img decoding=\"async\" src=\"https:\/\/akademiasu.org.pl\/wp-content\/uploads\/2021\/11\/87468603_2777157399019362_7031030573594312704_n-1536x825.jpg\" alt=\"87468603_2777157399019362_7031030573594312704_n\" itemprop=\"image\" height=\"825\" width=\"1536\" title=\"87468603_2777157399019362_7031030573594312704_n\" onerror=\"this.style.display='none'\" loading=\"lazy\" \/>\n\t\t\t\t<\/a>\n\t\t\t\t<a href=\"https:\/\/akademiasu.org.pl\/wp-content\/uploads\/2021\/10\/PMP_0321-1-scaled.jpg\"  target=\"_self\" itemprop=\"url\">\n\t\t\t\t<img decoding=\"async\" src=\"https:\/\/akademiasu.org.pl\/wp-content\/uploads\/2021\/10\/PMP_0321-1-1536x1024.jpg\" alt=\"PMP_0321\" itemprop=\"image\" height=\"1024\" width=\"1536\" title=\"PMP_0321\" onerror=\"this.style.display='none'\" loading=\"lazy\" \/>\n\t\t\t\t<\/a>\n\t\t\t\t<a href=\"https:\/\/akademiasu.org.pl\/wp-content\/uploads\/2021\/10\/PMP_0049-scaled.jpg\"  target=\"_self\" itemprop=\"url\">\n\t\t\t\t<img decoding=\"async\" src=\"https:\/\/akademiasu.org.pl\/wp-content\/uploads\/2021\/10\/PMP_0049-scaled.jpg\" alt=\"PMP_0049\" itemprop=\"image\" height=\"1707\" width=\"2560\" title=\"PMP_0049\" onerror=\"this.style.display='none'\" loading=\"lazy\" \/>\n\t\t\t\t<\/a>\n\t\t\t\t<a href=\"https:\/\/akademiasu.org.pl\/wp-content\/uploads\/2021\/10\/PMP_0274-scaled.jpg\"  target=\"_self\" itemprop=\"url\">\n\t\t\t\t<img decoding=\"async\" src=\"https:\/\/akademiasu.org.pl\/wp-content\/uploads\/2021\/10\/PMP_0274-scaled.jpg\" alt=\"PMP_0274\" itemprop=\"image\" height=\"1707\" width=\"2560\" title=\"PMP_0274\" onerror=\"this.style.display='none'\" loading=\"lazy\" \/>\n\t\t\t\t<\/a>\n\n","protected":false},"excerpt":{"rendered":"<p>O NAS KIM JESTE\u015aMY? Akademia Samorz\u0105d\u00f3w Uczniowskich zrzesza m\u0142odych i ambitnych ludzi, zaanga\u017cowanych w dzia\u0142ania na rzecz rozwoju samorz\u0105dno\u015bci uczniowskiej. W naszych dzia\u0142aniach skupiamy si\u0119 na edukacji oraz wsparciu m\u0142odzie\u017cy zorganizowanej w ramach spo\u0142eczno\u015bci szk\u00f3\u0142 ponadpodstawowych. Projekt realizowany jest sukcesywnie od 2019 roku. NASZE CELE Rozw\u00f3j samorz\u0105dno\u015bci uczniowskiej; Realizacja koncepcji &#8222;szko\u0142y spo\u0142ecznej&#8221;; Promowanie zaanga\u017cowania spo\u0142ecznego [&hellip;]<\/p>\n","protected":false},"author":1,"featured_media":0,"parent":0,"menu_order":0,"comment_status":"closed","ping_status":"closed","template":"","meta":{"site-sidebar-layout":"no-sidebar","site-content-layout":"page-builder","ast-site-content-layout":"default","site-content-style":"default","site-sidebar-style":"default","ast-global-header-display":"","ast-banner-title-visibility":"","ast-main-header-display":"","ast-hfb-above-header-display":"","ast-hfb-below-header-display":"","ast-hfb-mobile-header-display":"","site-post-title":"disabled","ast-breadcrumbs-content":"","ast-featured-img":"disabled","footer-sml-layout":"","theme-transparent-header-meta":"enabled","adv-header-id-meta":"","stick-header-meta":"","header-above-stick-meta":"","header-main-stick-meta":"","header-below-stick-meta":"","astra-migrate-meta-layouts":"default","ast-page-background-enabled":"default","ast-page-background-meta":{"desktop":{"background-color":"","background-image":"","background-repeat":"repeat","background-position":"center center","background-size":"auto","background-attachment":"scroll","background-type":"","background-media":"","overlay-type":"","overlay-color":"","overlay-opacity":"","overlay-gradient":""},"tablet":{"background-color":"","background-image":"","background-repeat":"repeat","background-position":"center center","background-size":"auto","background-attachment":"scroll","background-type":"","background-media":"","overlay-type":"","overlay-color":"","overlay-opacity":"","overlay-gradient":""},"mobile":{"background-color":"","background-image":"","background-repeat":"repeat","background-position":"center center","background-size":"auto","background-attachment":"scroll","background-type":"","background-media":"","overlay-type":"","overlay-color":"","overlay-opacity":"","overlay-gradient":""}},"ast-content-background-meta":{"desktop":{"background-color":"var(--ast-global-color-5)","background-image":"","background-repeat":"repeat","background-position":"center center","background-size":"auto","background-attachment":"scroll","background-type":"","background-media":"","overlay-type":"","overlay-color":"","overlay-opacity":"","overlay-gradient":""},"tablet":{"background-color":"var(--ast-global-color-5)","background-image":"","background-repeat":"repeat","background-position":"center center","background-size":"auto","background-attachment":"scroll","background-type":"","background-media":"","overlay-type":"","overlay-color":"","overlay-opacity":"","overlay-gradient":""},"mobile":{"background-color":"var(--ast-global-color-5)","background-image":"","background-repeat":"repeat","background-position":"center center","background-size":"auto","background-attachment":"scroll","background-type":"","background-media":"","overlay-type":"","overlay-color":"","overlay-opacity":"","overlay-gradient":""}},"footnotes":""},"class_list":["post-587","page","type-page","status-publish","hentry"],"_links":{"self":[{"href":"https:\/\/akademiasu.org.pl\/index.php?rest_route=\/wp\/v2\/pages\/587","targetHints":{"allow":["GET"]}}],"collection":[{"href":"https:\/\/akademiasu.org.pl\/index.php?rest_route=\/wp\/v2\/pages"}],"about":[{"href":"https:\/\/akademiasu.org.pl\/index.php?rest_route=\/wp\/v2\/types\/page"}],"author":[{"embeddable":true,"href":"https:\/\/akademiasu.org.pl\/index.php?rest_route=\/wp\/v2\/users\/1"}],"replies":[{"embeddable":true,"href":"https:\/\/akademiasu.org.pl\/index.php?rest_route=%2Fwp%2Fv2%2Fcomments&post=587"}],"version-history":[{"count":66,"href":"https:\/\/akademiasu.org.pl\/index.php?rest_route=\/wp\/v2\/pages\/587\/revisions"}],"predecessor-version":[{"id":3021,"href":"https:\/\/akademiasu.org.pl\/index.php?rest_route=\/wp\/v2\/pages\/587\/revisions\/3021"}],"wp:attachment":[{"href":"https:\/\/akademiasu.org.pl\/index.php?rest_route=%2Fwp%2Fv2%2Fmedia&parent=587"}],"curies":[{"name":"wp","href":"https:\/\/api.w.org\/{rel}","templated":true}]}}