{"id":2948,"date":"2026-03-24T22:11:43","date_gmt":"2026-03-24T22:11:43","guid":{"rendered":"https:\/\/akademiasu.org.pl\/?page_id=2948"},"modified":"2026-03-25T15:40:25","modified_gmt":"2026-03-25T15:40:25","slug":"moc-samorzadnosci-uczniowskiej","status":"publish","type":"page","link":"https:\/\/akademiasu.org.pl\/?page_id=2948","title":{"rendered":"MOC SAMORZ\u0104DNO\u015aCI UCZNIOWSKIEJ (WOJEW\u00d3DZTWO KUJAWSKO-POMORSKIE) &#8211; MOC ODPOWIEDZIALNO\u015aCI FUNDACJI ORLEN"},"content":{"rendered":"\n\n\t\t\t\t<img decoding=\"async\" src=\"https:\/\/akademiasu.org.pl\/wp-content\/uploads\/2021\/11\/Zrzut_ekranu_2021-11-06_140205-removebg-preview.png\" alt=\"Zrzut_ekranu_2021-11-06_140205-removebg-preview\" itemprop=\"image\" height=\"63\" width=\"403\" title=\"Zrzut_ekranu_2021-11-06_140205-removebg-preview\" onerror=\"this.style.display='none'\" loading=\"lazy\" \/>\n\t\t\t<h1>\n\t\t\t\t\tMOC SAMORZ\u0104DNO\u015aCI UCZNIOWSKIEJ\n\t\t\t\t<\/h1>\n\t\t\t\t<img decoding=\"async\" src=\"https:\/\/akademiasu.org.pl\/wp-content\/uploads\/2021\/11\/Zrzut_ekranu_2021-11-06_140710-removebg-preview.png\" alt=\"Zrzut_ekranu_2021-11-06_140710-removebg-preview\" itemprop=\"image\" height=\"59\" width=\"391\" title=\"Zrzut_ekranu_2021-11-06_140710-removebg-preview\" onerror=\"this.style.display='none'\" loading=\"lazy\" \/>\n\t\t\t\t<a href=\"https:\/\/fundacja.orlen.pl\/pl\"  target=\"_blank\" rel=\"noopener\"  itemprop=\"url\">\n\t\t\t\t<img decoding=\"async\" src=\"https:\/\/akademiasu.org.pl\/wp-content\/uploads\/2026\/03\/darczynca_orlen.png\" alt=\"darczynca_orlen\" itemprop=\"image\" height=\"200\" width=\"400\" title=\"darczynca_orlen\" onerror=\"this.style.display='none'\" loading=\"lazy\" \/>\n\t\t\t\t<\/a>\n\t\t\t<h2>\n\t\t\t\t\tMOC SAMORZ\u0104DNO\u015aCI UCZNIOWSKIEJ\n\t\t\t\t<\/h2>\n\t\t\t<p>Projekt, kt\u00f3ry wzmacnia samorz\u0105dno\u015b\u0107 uczniowsk\u0105 oraz rozwija kompetencje obywatelskie m\u0142odzie\u017cy ze szk\u00f3\u0142 ponadpodstawowych z wojew\u00f3dztwa kujawsko-pomorskiego. Jego celem jest tworzenie przestrzeni, w kt\u00f3rej m\u0142odzi ludzie nie tylko rozmawiaj\u0105 o zmianach, ale realnie je projektuj\u0105 i wdra\u017caj\u0105. Projekt \u0142\u0105czy inspiracj\u0119, praktyczne dzia\u0142anie, mini-grant oraz wsparcie mentoringowe, dzi\u0119ki czemu pomys\u0142y m\u0142odzie\u017cy mog\u0105 przej\u015b\u0107 od idei do realnej zmiany w szkole i spo\u0142eczno\u015bci.<\/p>\n<h2>\n\t\t\tCELE PROGRAMU\t<\/h2>\n\t<ul>\n<li data-section-id=\"7nchj4\" data-start=\"666\" data-end=\"736\">wzmacnianie samorz\u0105dno\u015bci uczniowskiej w szko\u0142ach ponadpodstawowych,<\/li>\n<li data-section-id=\"o6csj2\" data-start=\"737\" data-end=\"816\">rozwijanie postaw obywatelskich opartych na dialogu i wsp\u00f3\u0142odpowiedzialno\u015bci,<\/li>\n<li data-section-id=\"dbm307\" data-start=\"817\" data-end=\"862\">zwi\u0119kszanie poczucia sprawczo\u015bci m\u0142odzie\u017cy,<\/li>\n<li data-section-id=\"1t6jtp2\" data-start=\"863\" data-end=\"917\">uczenie pracy projektowej &#8211; od pomys\u0142u do wdro\u017cenia,<\/li>\n<\/ul>\n\t<ul data-start=\"666\" data-end=\"1217\">\n<li data-section-id=\"vuarde\" data-start=\"918\" data-end=\"982\">rozwijanie kompetencji komunikacyjnych i wsp\u00f3\u0142pracy w zespole,<\/li>\n<li data-section-id=\"1ai7vub\" data-start=\"983\" data-end=\"1062\">tworzenie przestrzeni do wymiany do\u015bwiadcze\u0144 mi\u0119dzy samorz\u0105dami uczniowskimi,<\/li>\n<li data-section-id=\"v5ihtf\" data-start=\"1063\" data-end=\"1131\">wspieranie m\u0142odzie\u017cy w planowaniu i realizacji w\u0142asnych inicjatyw,<\/li>\n<li data-section-id=\"1ngxtnr\" data-start=\"1132\" data-end=\"1217\">budowanie trwa\u0142ej wsp\u00f3\u0142pracy mi\u0119dzy szko\u0142ami, opiekunami SU i partnerami lokalnymi.<\/li>\n<\/ul>\n<h2>\n\t\t\tKTO MO\u017bE SKORZYSTA\u0106?\t<\/h2>\n\t<p>Projekt jest skierowany do samorz\u0105d\u00f3w uczniowskich szk\u00f3\u0142 ponadpodstawowych z wojew\u00f3dztwa kujawsko-pomorskiego, a tak\u017ce do aktywnej m\u0142odzie\u017cy i opiekun\u00f3w SU, kt\u00f3rzy chc\u0105 wzmacnia\u0107 dzia\u0142ania obywatelskie w swoich szko\u0142ach. Z efekt\u00f3w projektu korzystaj\u0105 jednak szerzej ca\u0142e spo\u0142eczno\u015bci szkolne &#8211; uczniowie, nauczyciele, a po\u015brednio tak\u017ce rodzice i lokalni partnerzy wsp\u00f3\u0142tworz\u0105cy m\u0142odzie\u017cowe inicjatywy.<\/p>\n\t<p><em>Dofinansowano ze \u015brodk\u00f3w Fundacji ORLEN w ramach programu &#8222;Moc Odpowiedzialno\u015bci&#8221;.<\/em><\/p>\n<h1>\n\t\t\tETAPY PROJEKTU\t<\/h1>\n<h4>\n\t\t\tIII Konferencja Samorz\u0105d\u00f3w Uczniowskich wojew\u00f3dztwa kujawsko-pomorskiego\t<\/h4>\n\t<p><strong>18.03.2026<\/strong><\/p>\n<p>Wyj\u0105tkowe spotkanie pe\u0142ne energii, pomys\u0142\u00f3w i konkretnych dzia\u0142a\u0144. W konferencji udzia\u0142 wzi\u0119\u0142o ponad 200 uczestnik\u00f3w, a program wydarzenia wype\u0142ni\u0142y rozmowy, warsztaty i panele, kt\u00f3re pokaza\u0142y, jak du\u017c\u0105 si\u0142\u0119 maj\u0105 m\u0142odzi ludzie i ich inicjatywy. Uczestnicy rozmawiali o mo\u017cliwo\u015bciach finansowania dzia\u0142a\u0144 samorz\u0105d\u00f3w uczniowskich, prawach ucznia oraz przeszli warsztaty z tworzeniu w\u0142asnych projekt\u00f3w. To w\u0142a\u015bnie podczas konferencji powsta\u0142y pomys\u0142y, kt\u00f3re pokaza\u0142y, \u017ce szkolna aktywno\u015b\u0107 mo\u017ce naprawd\u0119 zmienia\u0107 codzienno\u015b\u0107 uczni\u00f3w.<\/p>\n\t\t\t<a href=\"https:\/\/akademiasu.org.pl\/?p=2977\" target=\"_self\">\n\t\t\t\t\t\t\tWi\u0119cej\n\t\t\t<\/a>\n\t\n<h4>\n\t\t\tRealizacja projektu uczniowskiego z wsparciem minigrantowym\t<\/h4>\n\t<p><strong>04-06.2026<\/strong><\/p>\nJednym z projekt\u00f3w przygotowanych podczas warsztat\u00f3w by\u0142 pomys\u0142, kt\u00f3ry otrzyma\u0142 wsparcie w wysoko\u015bci 5000 z\u0142. Zwyci\u0119ski projekt \u201eKsi\u0119ga Mechanika&#8221;, zg\u0142oszony przez Zesp\u00f3\u0142 Szk\u00f3\u0142 Mechanicznych nr 1 w Bydgoszczy, zak\u0142ada stworzenie corocznej ksi\u0119gi wspomnie\u0144 ze zdj\u0119ciami z polaroida. Uczniowie b\u0119d\u0105 mogli wykonywa\u0107 zdj\u0119cia solo, grupowe oraz z ulubionymi nauczycielami, a tak\u017ce wsp\u00f3lnie tworzy\u0107 wyj\u0105tkow\u0105 kronik\u0119 szkolnych relacji i wydarze\u0144. To inicjatywa, kt\u00f3ra \u0142\u0105czy integracj\u0119, wsp\u00f3\u0142prac\u0119 i budowanie wsp\u00f3lnych wspomnie\u0144 w spo\u0142eczno\u015bci szkolnej.\nW ca\u0142ym procesie realizacji projektu uczniowie oraz nauczyciele, opr\u00f3cz wsparcia finansowego, dostan\u0105 tak\u017ce wsparcie mentoringowe.\n<h3 data-section-id=\"18buftz\" data-start=\"1775\" data-end=\"1841\"><\/h3>\n\t\t\t\t<img decoding=\"async\" src=\"https:\/\/akademiasu.org.pl\/wp-content\/uploads\/2026\/03\/msu_mechanik.jpg\" alt=\"msu_mechanik\" itemprop=\"image\" height=\"800\" width=\"1200\" title=\"msu_mechanik\" onerror=\"this.style.display='none'\" loading=\"lazy\" \/>\n<h4>\n\t\t\tKonsultacje i wsparcie mentoringowe\t<\/h4>\n\t<p><strong>04-06.2026<\/strong><\/p>\nPo konferencji uczestnicy otrzymali przestrze\u0144 do dalszej pracy nad swoimi inicjatywami. Konsultacje, kt\u00f3re b\u0119d\u0105 si\u0119 regularnie odbywa\u0142y w formie spotka\u0144 online b\u0119d\u0105 okazj\u0105 do dopracowania pomys\u0142\u00f3w oraz przygotowania planu realizacji. B\u0119dzie to r\u00f3wnie\u017c czas nauki pracy projektowej &#8211; planowania dzia\u0142a\u0144, wyznaczania cel\u00f3w, dzielenia zada\u0144 i korzystania z metod, kt\u00f3re pomagaj\u0105 skutecznie przechodzi\u0107 od pomys\u0142u do dzia\u0142ania i mog\u0105 przyda\u0107 si\u0119 uczestnikom tak\u017ce w przysz\u0142o\u015bci.\n\n<h3 data-section-id=\"18buftz\" data-start=\"1775\" data-end=\"1841\"><\/h3>\n\t\t\t\t<img decoding=\"async\" src=\"https:\/\/akademiasu.org.pl\/wp-content\/uploads\/2026\/03\/mentoring.png\" alt=\"mentoring\" itemprop=\"image\" height=\"577\" width=\"1103\" title=\"mentoring\" onerror=\"this.style.display='none'\" loading=\"lazy\" \/>\n<h3>\n\t\t\tO PROJEKCIE W MEDIACH\t<\/h3>\n\t\t\t\t<a href=\"https:\/\/tvtorun.pl\/39865\/mlodzi-aktywni-2\"  target=\"_blank\" rel=\"noopener\"  itemprop=\"url\">\n\t\t\t\t<img decoding=\"async\" src=\"https:\/\/akademiasu.org.pl\/wp-content\/uploads\/2026\/03\/TVtorun.png\" alt=\"TVtorun\" itemprop=\"image\" height=\"433\" width=\"827\" title=\"TVtorun\" onerror=\"this.style.display='none'\" loading=\"lazy\" \/>\n\t\t\t\t<\/a>\n<h6>M\u0142odzi aktywni<\/h6>\n\t<h6><a href=\"https:\/\/tvtorun.pl\/39865\/mlodzi-aktywni-2\" target=\"_blank\" rel=\"noopener\">PRZEJD\u0179 DO ARTYKU\u0141U &gt;<\/a><\/h6>\n\t\t\t\t<a href=\"https:\/\/www.radiopik.pl\/2,137145,region&#038;dtx=&#038;szukaj=&#038;s=7\"  target=\"_blank\" rel=\"noopener\"  itemprop=\"url\">\n\t\t\t\t<img decoding=\"async\" src=\"https:\/\/akademiasu.org.pl\/wp-content\/uploads\/2026\/03\/radio-pik.jpg\" alt=\"radio-pik\" itemprop=\"image\" height=\"577\" width=\"1103\" title=\"radio-pik\" onerror=\"this.style.display='none'\" loading=\"lazy\" \/>\n\t\t\t\t<\/a>\n<h6>M\u0142odzi liderzy spotkali si\u0119 w Toruniu. III Wojew\u00f3dzka Konferencja Samorz\u0105d\u00f3w Uczniowskich Samorz\u0105d\u00f3w Uczniowskich.<\/h6>\n\t<h6><a href=\"https:\/\/www.radiopik.pl\/2,137145,region&amp;dtx=&amp;szukaj=&amp;s=7\" target=\"_blank\" rel=\"noopener\">PRZEJD\u0179 DO ARTYKU\u0141U &gt;<\/a><\/h6>\n\n","protected":false},"excerpt":{"rendered":"<p>Our Projects Adventure Water Sports Interdum exercitation penatibus, praesentium facilisi accusamus fermentum, sagittis. Snow Adventure Winter Sports Interdum exercitation penatibus, praesentium facilisi accusamus fermentum, sagittis. Forest Tours Camping Interdum exercitation penatibus, praesentium facilisi accusamus fermentum, sagittis.<\/p>\n","protected":false},"author":2,"featured_media":0,"parent":589,"menu_order":0,"comment_status":"closed","ping_status":"closed","template":"","meta":{"site-sidebar-layout":"no-sidebar","site-content-layout":"page-builder","ast-site-content-layout":"full-width-container","site-content-style":"unboxed","site-sidebar-style":"unboxed","ast-global-header-display":"","ast-banner-title-visibility":"","ast-main-header-display":"","ast-hfb-above-header-display":"","ast-hfb-below-header-display":"","ast-hfb-mobile-header-display":"","site-post-title":"disabled","ast-breadcrumbs-content":"","ast-featured-img":"disabled","footer-sml-layout":"","theme-transparent-header-meta":"enabled","adv-header-id-meta":"","stick-header-meta":"","header-above-stick-meta":"","header-main-stick-meta":"","header-below-stick-meta":"","astra-migrate-meta-layouts":"set","ast-page-background-enabled":"default","ast-page-background-meta":{"desktop":{"background-color":"","background-image":"","background-repeat":"repeat","background-position":"center center","background-size":"auto","background-attachment":"scroll","background-type":"","background-media":"","overlay-type":"","overlay-color":"","overlay-opacity":"","overlay-gradient":""},"tablet":{"background-color":"","background-image":"","background-repeat":"repeat","background-position":"center center","background-size":"auto","background-attachment":"scroll","background-type":"","background-media":"","overlay-type":"","overlay-color":"","overlay-opacity":"","overlay-gradient":""},"mobile":{"background-color":"","background-image":"","background-repeat":"repeat","background-position":"center center","background-size":"auto","background-attachment":"scroll","background-type":"","background-media":"","overlay-type":"","overlay-color":"","overlay-opacity":"","overlay-gradient":""}},"ast-content-background-meta":{"desktop":{"background-color":"var(--ast-global-color-5)","background-image":"","background-repeat":"repeat","background-position":"center center","background-size":"auto","background-attachment":"scroll","background-type":"","background-media":"","overlay-type":"","overlay-color":"","overlay-opacity":"","overlay-gradient":""},"tablet":{"background-color":"var(--ast-global-color-5)","background-image":"","background-repeat":"repeat","background-position":"center center","background-size":"auto","background-attachment":"scroll","background-type":"","background-media":"","overlay-type":"","overlay-color":"","overlay-opacity":"","overlay-gradient":""},"mobile":{"background-color":"var(--ast-global-color-5)","background-image":"","background-repeat":"repeat","background-position":"center center","background-size":"auto","background-attachment":"scroll","background-type":"","background-media":"","overlay-type":"","overlay-color":"","overlay-opacity":"","overlay-gradient":""}},"footnotes":""},"class_list":["post-2948","page","type-page","status-publish","hentry"],"_links":{"self":[{"href":"https:\/\/akademiasu.org.pl\/index.php?rest_route=\/wp\/v2\/pages\/2948","targetHints":{"allow":["GET"]}}],"collection":[{"href":"https:\/\/akademiasu.org.pl\/index.php?rest_route=\/wp\/v2\/pages"}],"about":[{"href":"https:\/\/akademiasu.org.pl\/index.php?rest_route=\/wp\/v2\/types\/page"}],"author":[{"embeddable":true,"href":"https:\/\/akademiasu.org.pl\/index.php?rest_route=\/wp\/v2\/users\/2"}],"replies":[{"embeddable":true,"href":"https:\/\/akademiasu.org.pl\/index.php?rest_route=%2Fwp%2Fv2%2Fcomments&post=2948"}],"version-history":[{"count":10,"href":"https:\/\/akademiasu.org.pl\/index.php?rest_route=\/wp\/v2\/pages\/2948\/revisions"}],"predecessor-version":[{"id":3023,"href":"https:\/\/akademiasu.org.pl\/index.php?rest_route=\/wp\/v2\/pages\/2948\/revisions\/3023"}],"up":[{"embeddable":true,"href":"https:\/\/akademiasu.org.pl\/index.php?rest_route=\/wp\/v2\/pages\/589"}],"wp:attachment":[{"href":"https:\/\/akademiasu.org.pl\/index.php?rest_route=%2Fwp%2Fv2%2Fmedia&parent=2948"}],"curies":[{"name":"wp","href":"https:\/\/api.w.org\/{rel}","templated":true}]}}