{"id":2340,"date":"2022-09-04T10:33:31","date_gmt":"2022-09-04T10:33:31","guid":{"rendered":"https:\/\/akademiasu.org.pl\/?page_id=2340"},"modified":"2022-09-04T10:36:58","modified_gmt":"2022-09-04T10:36:58","slug":"plonsk2022","status":"publish","type":"page","link":"https:\/\/akademiasu.org.pl\/?page_id=2340","title":{"rendered":"Warsztat dla uczni\u00f3w I Liceum Og\u00f3lnokszta\u0142c\u0105cego im. Henryka Sienkiewicza w P\u0142o\u0144sku"},"content":{"rendered":"\n\n\t<h1>\n\t\t\t\t\t<a href=\"https:\/\/akademiasu.org.pl\/?page_id=1210\" title=\"WARSZTATY\" target=\"_self\" rel=\"noopener\">\n\t\t\t\t\t\tWARSZTATY\n\t\t\t\t\t\t<\/a>\n\t\t\t<\/h1>\n\t\t\t<h3><b>Warsztat dla uczni\u00f3w I Liceum Og\u00f3lnokszta\u0142c\u0105cego im. Henryka Sienkiewicza w P\u0142o\u0144sku<\/b><\/h3>\n<p>27 maj 2022r.<\/p>\n\t<p>27 maja mieli\u015bmy przyjemno\u015b\u0107 zawita\u0107 na Mazowszu, aby przeprowadzi\u0107 a\u017c 5 godzinny warsztat dla 50 uczni\u00f3w, kt\u00f3re przeprowadzili Klaudiusz Salamon oraz Maciej Zygmunt.<\/p>\n<p>Kim jeste\u015bmy? Co robimy? I jak si\u0119 do tego zabra\u0107?<\/p>\n<p>Cele warsztatu:<\/p>\n<ul>\n<li>Pog\u0142\u0119bienie wiedzy o tym jak jeste\u015bmy usposobieni, aby lepiej zrozumie\u0107 siebie na wzajem.<\/li>\n<li>Zwi\u0119kszenie umiej\u0119tno\u015bci dostrzegania &#8222;projekt\u00f3w&#8221; za pomoc\u0105 w\u0142asnych do\u015bwiadcze\u0144.<\/li>\n<li>Pokazanie narz\u0119dzi, z kt\u00f3rych mo\u017cna korzysta\u0107 podczas wdra\u017cania &#8222;projekt\u00f3w&#8221; w \u017cycie.<\/li>\n<\/ul>\n<p>Warsztat zaczyna\u0142 si\u0119 od cz\u0119\u015bci teoretycznej oraz burzy m\u00f3zg\u00f3w. Po tej cz\u0119\u015bci uczniowie zostali podzielni na 4 grupy, aby zmaksymalizowa\u0107 ich r\u00f3\u017cnorodno\u015b\u0107. Szereg \u0107wicze\u0144 wewn\u0105trz grup doprowadzi\u0142a do zwi\u0119kszenia umiej\u0119tno\u015bci pracy w zespole oraz analizowania konkretnych aspekt\u00f3w.<\/p>\n\t\n\n","protected":false},"excerpt":{"rendered":"<p>Our Projects Adventure Water Sports Interdum exercitation penatibus, praesentium facilisi accusamus fermentum, sagittis. Snow Adventure Winter Sports Interdum exercitation penatibus, praesentium facilisi accusamus fermentum, sagittis. Forest Tours Camping Interdum exercitation penatibus, praesentium facilisi accusamus fermentum, sagittis.<\/p>\n","protected":false},"author":2,"featured_media":0,"parent":1210,"menu_order":0,"comment_status":"closed","ping_status":"closed","template":"","meta":{"site-sidebar-layout":"no-sidebar","site-content-layout":"page-builder","ast-site-content-layout":"default","site-content-style":"default","site-sidebar-style":"default","ast-global-header-display":"","ast-banner-title-visibility":"","ast-main-header-display":"","ast-hfb-above-header-display":"","ast-hfb-below-header-display":"","ast-hfb-mobile-header-display":"","site-post-title":"disabled","ast-breadcrumbs-content":"","ast-featured-img":"disabled","footer-sml-layout":"","theme-transparent-header-meta":"default","adv-header-id-meta":"","stick-header-meta":"","header-above-stick-meta":"","header-main-stick-meta":"","header-below-stick-meta":"","astra-migrate-meta-layouts":"default","ast-page-background-enabled":"default","ast-page-background-meta":{"desktop":{"background-color":"","background-image":"","background-repeat":"repeat","background-position":"center center","background-size":"auto","background-attachment":"scroll","background-type":"","background-media":"","overlay-type":"","overlay-color":"","overlay-opacity":"","overlay-gradient":""},"tablet":{"background-color":"","background-image":"","background-repeat":"repeat","background-position":"center center","background-size":"auto","background-attachment":"scroll","background-type":"","background-media":"","overlay-type":"","overlay-color":"","overlay-opacity":"","overlay-gradient":""},"mobile":{"background-color":"","background-image":"","background-repeat":"repeat","background-position":"center center","background-size":"auto","background-attachment":"scroll","background-type":"","background-media":"","overlay-type":"","overlay-color":"","overlay-opacity":"","overlay-gradient":""}},"ast-content-background-meta":{"desktop":{"background-color":"var(--ast-global-color-5)","background-image":"","background-repeat":"repeat","background-position":"center center","background-size":"auto","background-attachment":"scroll","background-type":"","background-media":"","overlay-type":"","overlay-color":"","overlay-opacity":"","overlay-gradient":""},"tablet":{"background-color":"var(--ast-global-color-5)","background-image":"","background-repeat":"repeat","background-position":"center center","background-size":"auto","background-attachment":"scroll","background-type":"","background-media":"","overlay-type":"","overlay-color":"","overlay-opacity":"","overlay-gradient":""},"mobile":{"background-color":"var(--ast-global-color-5)","background-image":"","background-repeat":"repeat","background-position":"center center","background-size":"auto","background-attachment":"scroll","background-type":"","background-media":"","overlay-type":"","overlay-color":"","overlay-opacity":"","overlay-gradient":""}},"footnotes":""},"class_list":["post-2340","page","type-page","status-publish","hentry"],"_links":{"self":[{"href":"https:\/\/akademiasu.org.pl\/index.php?rest_route=\/wp\/v2\/pages\/2340","targetHints":{"allow":["GET"]}}],"collection":[{"href":"https:\/\/akademiasu.org.pl\/index.php?rest_route=\/wp\/v2\/pages"}],"about":[{"href":"https:\/\/akademiasu.org.pl\/index.php?rest_route=\/wp\/v2\/types\/page"}],"author":[{"embeddable":true,"href":"https:\/\/akademiasu.org.pl\/index.php?rest_route=\/wp\/v2\/users\/2"}],"replies":[{"embeddable":true,"href":"https:\/\/akademiasu.org.pl\/index.php?rest_route=%2Fwp%2Fv2%2Fcomments&post=2340"}],"version-history":[{"count":3,"href":"https:\/\/akademiasu.org.pl\/index.php?rest_route=\/wp\/v2\/pages\/2340\/revisions"}],"predecessor-version":[{"id":2345,"href":"https:\/\/akademiasu.org.pl\/index.php?rest_route=\/wp\/v2\/pages\/2340\/revisions\/2345"}],"up":[{"embeddable":true,"href":"https:\/\/akademiasu.org.pl\/index.php?rest_route=\/wp\/v2\/pages\/1210"}],"wp:attachment":[{"href":"https:\/\/akademiasu.org.pl\/index.php?rest_route=%2Fwp%2Fv2%2Fmedia&parent=2340"}],"curies":[{"name":"wp","href":"https:\/\/api.w.org\/{rel}","templated":true}]}}