{"id":2330,"date":"2022-09-04T10:20:26","date_gmt":"2022-09-04T10:20:26","guid":{"rendered":"https:\/\/akademiasu.org.pl\/?page_id=2330"},"modified":"2025-10-18T16:10:53","modified_gmt":"2025-10-18T16:10:53","slug":"oferta-warsztatow","status":"publish","type":"page","link":"https:\/\/akademiasu.org.pl\/?page_id=2330","title":{"rendered":"Oferta warsztat\u00f3w"},"content":{"rendered":"\n\n\t\t\t\t<img decoding=\"async\" src=\"https:\/\/akademiasu.org.pl\/wp-content\/uploads\/2021\/11\/Zrzut_ekranu_2021-11-06_140205-removebg-preview.png\" alt=\"Zrzut_ekranu_2021-11-06_140205-removebg-preview\" itemprop=\"image\" height=\"63\" width=\"403\" title=\"Zrzut_ekranu_2021-11-06_140205-removebg-preview\" onerror=\"this.style.display='none'\" loading=\"lazy\" \/>\n\t\t\t<h1>\n\t\t\t\t\tOferta warsztatowa\n\t\t\t\t<\/h1>\n\t\t\t\t<img decoding=\"async\" src=\"https:\/\/akademiasu.org.pl\/wp-content\/uploads\/2021\/11\/Zrzut_ekranu_2021-11-06_140710-removebg-preview.png\" alt=\"Zrzut_ekranu_2021-11-06_140710-removebg-preview\" itemprop=\"image\" height=\"59\" width=\"391\" title=\"Zrzut_ekranu_2021-11-06_140710-removebg-preview\" onerror=\"this.style.display='none'\" loading=\"lazy\" \/>\n\t<p>Oferujemy autorskie warsztaty edukacji obywatelskiej, oparte na wieloletnim do\u015bwiadczeniu misyjnym naszej organizacji. W trakcie szkolenia uczniowie poznaj\u0105 samorz\u0105dno\u015b\u0107 w szkole, dowiedz\u0105 si\u0119, jakie mechanizmy partycypacyjne w szkole mog\u0105 stosowa\u0107, i jak ka\u017cdy ucze\u0144 mo\u017ce aktywnie w\u0142\u0105czy\u0107 si\u0119 w \u017cycie spo\u0142eczno\u015bci szkolnej.<\/p>\n\t\t\t\t<img decoding=\"async\" src=\"https:\/\/akademiasu.org.pl\/wp-content\/uploads\/2022\/06\/plonsk14.jpg\" alt=\"plonsk14\" itemprop=\"image\" height=\"1365\" width=\"2048\" title=\"plonsk14\" onerror=\"this.style.display='none'\" loading=\"lazy\" \/>\n\t\t\t<h3>\n\t\t\t\t\twyjd\u017aMY z impASU\n\t\t\t\t<\/h3>\n\t\t\t<p>Warsztat dla uczni\u00f3w szk\u00f3\u0142 ponadpodstawowych z zakresu <b>planowania projekt\u00f3w spo\u0142ecznych w szkole<\/b>. Zaczynamy od teorii, a potem praktycznie wdra\u017camy techniki projektowe &#8211; na koniec uczestnicy dysponuj\u0105 <b>gotowym projektem szkolnym<\/b>, gotowym do realizacji w swojej szkole.<\/p>\n\t\t\t<a href=\"https:\/\/akademiasu.org.pl\/wp-content\/uploads\/2024\/09\/Oferta-warsztatowa-wyjdzMY-z-impASU.pdf\" target=\"_blank\" rel=\"noopener\">\n\t\t\t\t\t\tSzczeg\u00f3\u0142owa oferta\n\t\t\t\t\t<\/a>\n\t\t\t<h3>\n\t\t\t\t\tzaplanujMY prac\u0119 SU\n\t\t\t\t<\/h3>\n\t\t\t<p>Warsztat dla uczni\u00f3w szk\u00f3\u0142 ponadpodstawowych po\u015bwi\u0119cony <b>planowaniu pracy samorz\u0105du uczniowskiego<\/b> w ci\u0105gu roku szkolnego. Uczestnicy naucz\u0105 si\u0119 efektywnego <b>dzielenia zada\u0144<\/b>, odpowiedzialno\u015bci za inicjatywy oraz praktycznych technik <b>zarz\u0105dzania czasem<\/b> w kontek\u015bcie dzia\u0142alno\u015bci samorz\u0105du szkolnego.<\/p>\n\t\t\t<a href=\"https:\/\/akademiasu.org.pl\/wp-content\/uploads\/2024\/09\/Oferta-warsztatowa-zaplanujMY-prAce-SU.pdf\" target=\"_blank\" rel=\"noopener\">\n\t\t\t\t\t\tSzczeg\u00f3\u0142owa oferta\n\t\t\t\t\t<\/a>\n\t\t\t\t<img decoding=\"async\" src=\"https:\/\/akademiasu.org.pl\/wp-content\/uploads\/2023\/12\/409955365_754901586668422_3222026428707034683_n.jpg\" alt=\"409955365_754901586668422_3222026428707034683_n\" itemprop=\"image\" height=\"1334\" width=\"2000\" title=\"409955365_754901586668422_3222026428707034683_n\" onerror=\"this.style.display='none'\" loading=\"lazy\" \/>\n\t\t\t\t<img decoding=\"async\" src=\"https:\/\/akademiasu.org.pl\/wp-content\/uploads\/2022\/05\/ziebice2022_4.jpg\" alt=\"ziebice2022_4\" itemprop=\"image\" height=\"1536\" width=\"2048\" title=\"ziebice2022_4\" onerror=\"this.style.display='none'\" loading=\"lazy\" \/>\n\t\t\t<h3>\n\t\t\t\t\tsfinAnSUjmy swoje dzia\u0142ania\n\t\t\t\t<\/h3>\n\t\t\t<p>Warsztat dla uczni\u00f3w i nauczycieli: <b>jak pozyska\u0107 \u015brodki na dzia\u0142ania samorz\u0105du uczniowskiego<\/b> (granty, dotacje, bud\u017cet szkolny). Warsztatowcy krok po kroku pokazuj\u0105, jak wygl\u0105da <b>wniosek o dotacj\u0119<\/b>, a uczestnicy wsp\u00f3lnie <b>opracowuj\u0105 praktyczny wniosek<\/b>, gotowy do z\u0142o\u017cenia.<\/p>\n\t\t\t<a href=\"https:\/\/akademiasu.org.pl\/wp-content\/uploads\/2025\/09\/Oferta-warsztatowa-sfinAnSUjmy-swoje-dzialania.pdf\" target=\"_blank\" rel=\"noopener\">\n\t\t\t\t\t\tSzczeg\u00f3\u0142owa oferta\n\t\t\t\t\t<\/a>\n\t\t\t<h3>\n\t\t\t\t\tzareagujMY zawczASU\n\t\t\t\t<\/h3>\n\t\t\t<p>Warsztat dedykowany uczniom i nauczycielom: <b>zdrowie psychiczne i dobrostan w szkole<\/b>. Uczymy, jak budowa\u0107 atmosfer\u0119 sprzyjaj\u0105c\u0105 rozwojowi, radzi\u0107 sobie ze stresem, wzmacnia\u0107 <b>si\u0142\u0119 mentaln\u0105 m\u0142odzie\u017cy<\/b> oraz wspiera\u0107 grup\u0119 szkoln\u0105 w codziennej relacji emocjonalnej.<\/p>\n<p>Warsztat prowadzony przez dyplomowanego psychologa.<\/p>\n\t\t\t<a href=\"https:\/\/akademiasu.org.pl\/wp-content\/uploads\/2025\/09\/Oferta-warsztatowa-zareagujMY-zawczASU.pdf\" target=\"_blank\" rel=\"noopener\">\n\t\t\t\t\t\tSzczeg\u00f3\u0142owa oferta\n\t\t\t\t\t<\/a>\n\t\t\t\t<img decoding=\"async\" src=\"https:\/\/akademiasu.org.pl\/wp-content\/uploads\/2022\/06\/ziebice2022_11.jpeg\" alt=\"ziebice2022_11\" itemprop=\"image\" height=\"1536\" width=\"2048\" title=\"ziebice2022_11\" onerror=\"this.style.display='none'\" loading=\"lazy\" \/>\n\t\t\t\t<img decoding=\"async\" src=\"https:\/\/akademiasu.org.pl\/wp-content\/uploads\/2024\/06\/429677769_776996074477039_7688848928829667067_n.jpg\" alt=\"429677769_776996074477039_7688848928829667067_n\" itemprop=\"image\" height=\"1362\" width=\"2048\" title=\"429677769_776996074477039_7688848928829667067_n\" onerror=\"this.style.display='none'\" loading=\"lazy\" \/>\n\t\t\t<h3>\n\t\t\t\t\tspASUjMY si\u0119\n\t\t\t\t<\/h3>\n\t\t\t<p>Warsztat dla uczni\u00f3w i nauczycieli z zakresu <b>komunikacji szkolnej i wsp\u00f3\u0142pracy samorz\u0105du<\/b>. Po cz\u0119\u015bci teoretycznej przechodzimy do praktyki: uczestnicy b\u0119d\u0105 mieli okazj\u0119 por\u00f3wna\u0107 perspektywy uczni\u00f3w i nauczycieli. Celem jest <b>wzajemne zrozumienie<\/b> i budowa <b>zdrowej wsp\u00f3\u0142pracy<\/b> na linii ucze\u0144 &#8211; ucze\u0144 oraz ucze\u0144 &#8211; opiekunem.<\/p>\n\t\t\t<a href=\"https:\/\/akademiasu.org.pl\/wp-content\/uploads\/2024\/09\/Oferta-warsztatowa-spASUjMY-sie.pdf\" target=\"_blank\" rel=\"noopener\">\n\t\t\t\t\t\tSzczeg\u00f3\u0142owa oferta\n\t\t\t\t\t<\/a>\n\t\t\t<h3>\n\t\t\t\t\trola i mo\u017cliwo\u015bci opiekunA_SU\n\t\t\t\t<\/h3>\n\t\t\t<p>Warsztat dla <b>Opiekun\u00f3w samorz\u0105du uczniowskiego<\/b> &#8211; wyj\u0105tkowa okazja do <b>wymiany do\u015bwiadcze\u0144<\/b> i wsp\u00f3lnej refleksji. Na podstawie r\u00f3\u017cnorodnych perspektyw wypracujemy definicj\u0119 roli Opiekuna, zdiagnozujemy przeszkody w pe\u0142nieniu tej funkcji i wsp\u00f3lnie opracujemy <b>praktyczne rozwi\u0105zania<\/b>.<\/p>\n\t\t\t<a href=\"https:\/\/akademiasu.org.pl\/wp-content\/uploads\/2024\/09\/Oferta-warsztatowa-Rola-i-mozliwosci-opiekunA_SU.pdf\" target=\"_blank\" rel=\"noopener\">\n\t\t\t\t\t\tSzczeg\u00f3\u0142owa oferta\n\t\t\t\t\t<\/a>\n\t\t\t\t<img decoding=\"async\" src=\"https:\/\/akademiasu.org.pl\/wp-content\/uploads\/2023\/01\/326403136_1409881589418008_7361011908986420757_n.jpg\" alt=\"326403136_1409881589418008_7361011908986420757_n\" itemprop=\"image\" height=\"750\" width=\"750\" title=\"326403136_1409881589418008_7361011908986420757_n\" onerror=\"this.style.display='none'\" loading=\"lazy\" \/>\n\t\t\t\t<img decoding=\"async\" src=\"https:\/\/akademiasu.org.pl\/wp-content\/uploads\/2025\/09\/502637296_1151922990299611_4181745651167240639_n.jpg\" alt=\"502637296_1151922990299611_4181745651167240639_n\" itemprop=\"image\" height=\"1280\" width=\"1920\" title=\"502637296_1151922990299611_4181745651167240639_n\" onerror=\"this.style.display='none'\" loading=\"lazy\" \/>\n\t\t\t<h3>\n\t\t\t\t\tDemokracjA w SU\n\t\t\t\t<\/h3>\n\t\t\t<p>Warsztat po\u015bwi\u0119cony <b>demokratycznym wyborom w szkole i symulacji wyborczej<\/b>. Uczniowie poznaj\u0105 modele wybor\u00f3w, naucz\u0105 si\u0119 planowa\u0107 kampani\u0119 i przeprowadz\u0105 <b>symulacj\u0119 wybor\u00f3w szkolnych<\/b>. Dzi\u0119ki temu zyskuj\u0105 <b>poczucie sprawczo\u015bci<\/b>, ucz\u0105 si\u0119 wsp\u00f3\u0142pracy i rozumiej\u0105 zasady demokracji szkolnej.<\/p>\n\t\t\t<a href=\"https:\/\/akademiasu.org.pl\/wp-content\/uploads\/2025\/09\/Oferta-warsztatowa-DemokracjA-w-SU.pdf\" target=\"_blank\" rel=\"noopener\">\n\t\t\t\t\t\tSzczeg\u00f3\u0142owa oferta\n\t\t\t\t\t<\/a>\n\t\t\t<h3>\n\t\t\t\t\tmediASU\n\t\t\t\t<\/h3>\n\t\t\t<p>Warsztat: <b>komunikacja medialna w samorz\u0105dzie szkolnym<\/b>. Uczniowie dowiedz\u0105 si\u0119, jak \u015bwiadomie korzysta\u0107 z medi\u00f3w tradycyjnych i cyfrowych, poznaj\u0105 <b>etyk\u0119 dziennikarsk\u0105<\/b>, zasady rzetelno\u015bci i odpowiedzialno\u015bci. A przede wszystkim &#8211; jak media szkolne mog\u0105 <b>integrowa\u0107 spo\u0142eczno\u015b\u0107 szkoln\u0105 i absolwent\u00f3w<\/b>.<\/p>\n\t\t\t<a href=\"https:\/\/akademiasu.org.pl\/wp-content\/uploads\/2025\/09\/Oferta-warsztatowa-mediASU.pdf\" target=\"_blank\" rel=\"noopener\">\n\t\t\t\t\t\tSzczeg\u00f3\u0142owa oferta\n\t\t\t\t\t<\/a>\n\t\t\t\t<img decoding=\"async\" src=\"https:\/\/akademiasu.org.pl\/wp-content\/uploads\/2025\/09\/502559268_1151922873632956_8865761881028318668_n.jpg\" alt=\"502559268_1151922873632956_8865761881028318668_n\" itemprop=\"image\" height=\"1280\" width=\"1920\" title=\"502559268_1151922873632956_8865761881028318668_n\" onerror=\"this.style.display='none'\" loading=\"lazy\" \/>\n\t\t\t\t<img decoding=\"async\" src=\"https:\/\/akademiasu.org.pl\/wp-content\/uploads\/2024\/06\/424922195_775859661257347_8596452921442978676_n.jpg\" alt=\"424922195_775859661257347_8596452921442978676_n\" itemprop=\"image\" height=\"1512\" width=\"2016\" title=\"424922195_775859661257347_8596452921442978676_n\" onerror=\"this.style.display='none'\" loading=\"lazy\" \/>\n\t\t\t<h3>\n\t\t\t\t\tDzia\u0142ajMY bez przymuSU\n\t\t\t\t<\/h3>\n\t\t\t<p>Warsztat o <b>wolontariacie<\/b> jako realnym narz\u0119dziu rozwoju osobistego i spo\u0142ecznego. Uczniowie dowiedz\u0105 si\u0119, czym jest wolontariat, jakie korzy\u015bci niesie, <b>gdzie szuka\u0107 ofert<\/b>, oraz jak projektowa\u0107 dzia\u0142ania wolontariackie w szkole i poza ni\u0105.<\/p>\n\t\t\t<a href=\"https:\/\/akademiasu.org.pl\/wp-content\/uploads\/2025\/09\/Oferta-warsztatowa-DzialajMY-bez-przymuSU.pdf\" target=\"_blank\" rel=\"noopener\">\n\t\t\t\t\t\tSzczeg\u00f3\u0142owa oferta\n\t\t\t\t\t<\/a>\n\t\t\t<h3>\n\t\t\t\t\tEkologiA zaczyna si\u0119 w SU\n\t\t\t\t<\/h3>\n\t\t\t<p>Warsztat z zakresu <b>ekologii i dzia\u0142a\u0144 pro\u015brodowiskowych w szkole i lokalnej spo\u0142eczno\u015bci<\/b>. Uczniowie poznaj\u0105 metody pracy projektowej, techniki kreatywnego rozwi\u0105zywania problem\u00f3w (np. burza m\u00f3zg\u00f3w) i wypracuj\u0105 <b>realne pomys\u0142y proekologiczne<\/b> do wdro\u017cenia.<\/p>\n\t\t\t<a href=\"https:\/\/akademiasu.org.pl\/wp-content\/uploads\/2025\/09\/Oferta-warsztatowa-EkologiA-zaczyna-sie-w-SU.pdf\" target=\"_blank\" rel=\"noopener\">\n\t\t\t\t\t\tSzczeg\u00f3\u0142owa oferta\n\t\t\t\t\t<\/a>\n\t\t\t\t<img decoding=\"async\" src=\"https:\/\/akademiasu.org.pl\/wp-content\/uploads\/2025\/04\/klimatyczny_01.jpeg\" alt=\"klimatyczny_01\" itemprop=\"image\" height=\"1536\" width=\"2048\" title=\"klimatyczny_01\" onerror=\"this.style.display='none'\" loading=\"lazy\" \/>\n<h2>\n\t\t\tZaplanuj warsztaty razem z nami\t<\/h2>\n\t<p>Skontaktuj si\u0119 pod adresem <a href=\"mailto:biuro@akademiasu.org.pl\">biuro@akademiasu.org.pl<\/a> lub zadzwo\u0144 pod numer +48 722 319 262<\/p>\n<p>Wycen\u0119 warsztat\u00f3w przygotujemy indywidualnie w oparciu o szczeg\u00f3\u0142owe informacje, uwzgl\u0119dniaj\u0105c m.in. lokalizacj\u0119 szko\u0142y.<\/p>\n\t\n\n","protected":false},"excerpt":{"rendered":"<p>Our Projects Adventure Water Sports Interdum exercitation penatibus, praesentium facilisi accusamus fermentum, sagittis. Snow Adventure Winter Sports Interdum exercitation penatibus, praesentium facilisi accusamus fermentum, sagittis. Forest Tours Camping Interdum exercitation penatibus, praesentium facilisi accusamus fermentum, sagittis.<\/p>\n","protected":false},"author":2,"featured_media":0,"parent":1210,"menu_order":0,"comment_status":"closed","ping_status":"closed","template":"","meta":{"site-sidebar-layout":"no-sidebar","site-content-layout":"page-builder","ast-site-content-layout":"full-width-container","site-content-style":"unboxed","site-sidebar-style":"unboxed","ast-global-header-display":"","ast-banner-title-visibility":"","ast-main-header-display":"","ast-hfb-above-header-display":"","ast-hfb-below-header-display":"","ast-hfb-mobile-header-display":"","site-post-title":"disabled","ast-breadcrumbs-content":"","ast-featured-img":"disabled","footer-sml-layout":"","theme-transparent-header-meta":"enabled","adv-header-id-meta":"","stick-header-meta":"","header-above-stick-meta":"","header-main-stick-meta":"","header-below-stick-meta":"","astra-migrate-meta-layouts":"set","ast-page-background-enabled":"default","ast-page-background-meta":{"desktop":{"background-color":"","background-image":"","background-repeat":"repeat","background-position":"center center","background-size":"auto","background-attachment":"scroll","background-type":"","background-media":"","overlay-type":"","overlay-color":"","overlay-opacity":"","overlay-gradient":""},"tablet":{"background-color":"","background-image":"","background-repeat":"repeat","background-position":"center center","background-size":"auto","background-attachment":"scroll","background-type":"","background-media":"","overlay-type":"","overlay-color":"","overlay-opacity":"","overlay-gradient":""},"mobile":{"background-color":"","background-image":"","background-repeat":"repeat","background-position":"center center","background-size":"auto","background-attachment":"scroll","background-type":"","background-media":"","overlay-type":"","overlay-color":"","overlay-opacity":"","overlay-gradient":""}},"ast-content-background-meta":{"desktop":{"background-color":"var(--ast-global-color-5)","background-image":"","background-repeat":"repeat","background-position":"center center","background-size":"auto","background-attachment":"scroll","background-type":"","background-media":"","overlay-type":"","overlay-color":"","overlay-opacity":"","overlay-gradient":""},"tablet":{"background-color":"var(--ast-global-color-5)","background-image":"","background-repeat":"repeat","background-position":"center center","background-size":"auto","background-attachment":"scroll","background-type":"","background-media":"","overlay-type":"","overlay-color":"","overlay-opacity":"","overlay-gradient":""},"mobile":{"background-color":"var(--ast-global-color-5)","background-image":"","background-repeat":"repeat","background-position":"center center","background-size":"auto","background-attachment":"scroll","background-type":"","background-media":"","overlay-type":"","overlay-color":"","overlay-opacity":"","overlay-gradient":""}},"footnotes":""},"class_list":["post-2330","page","type-page","status-publish","hentry"],"_links":{"self":[{"href":"https:\/\/akademiasu.org.pl\/index.php?rest_route=\/wp\/v2\/pages\/2330","targetHints":{"allow":["GET"]}}],"collection":[{"href":"https:\/\/akademiasu.org.pl\/index.php?rest_route=\/wp\/v2\/pages"}],"about":[{"href":"https:\/\/akademiasu.org.pl\/index.php?rest_route=\/wp\/v2\/types\/page"}],"author":[{"embeddable":true,"href":"https:\/\/akademiasu.org.pl\/index.php?rest_route=\/wp\/v2\/users\/2"}],"replies":[{"embeddable":true,"href":"https:\/\/akademiasu.org.pl\/index.php?rest_route=%2Fwp%2Fv2%2Fcomments&post=2330"}],"version-history":[{"count":26,"href":"https:\/\/akademiasu.org.pl\/index.php?rest_route=\/wp\/v2\/pages\/2330\/revisions"}],"predecessor-version":[{"id":2865,"href":"https:\/\/akademiasu.org.pl\/index.php?rest_route=\/wp\/v2\/pages\/2330\/revisions\/2865"}],"up":[{"embeddable":true,"href":"https:\/\/akademiasu.org.pl\/index.php?rest_route=\/wp\/v2\/pages\/1210"}],"wp:attachment":[{"href":"https:\/\/akademiasu.org.pl\/index.php?rest_route=%2Fwp%2Fv2%2Fmedia&parent=2330"}],"curies":[{"name":"wp","href":"https:\/\/api.w.org\/{rel}","templated":true}]}}