{"id":2260,"date":"2022-06-16T12:55:36","date_gmt":"2022-06-16T12:55:36","guid":{"rendered":"https:\/\/akademiasu.org.pl\/?page_id=2260"},"modified":"2022-06-16T12:56:56","modified_gmt":"2022-06-16T12:56:56","slug":"konferencja2022ziebice","status":"publish","type":"page","link":"https:\/\/akademiasu.org.pl\/?page_id=2260","title":{"rendered":"Konferencja &#8222;M\u0142odzi w Samorz\u0105dzie&#8221;"},"content":{"rendered":"\n\n\t<h1>\n\t\t\t\t\t<a href=\"https:\/\/akademiasu.org.pl\/?page_id=1204\" title=\"KONFERENCJE\" target=\"_self\" rel=\"noopener\">\n\t\t\t\t\t\tKONFERENCJE\n\t\t\t\t\t\t<\/a>\n\t\t\t<\/h1>\n\t\t\t<h3><strong>Konferencja &#8222;M\u0142odzi w Samorz\u0105dzie&#8221;<\/strong><\/h3>\n<p>23 maj 2022r.<\/p>\n\t<p>23 maja 2022 roku w Zi\u0119bickim Centrum Kultury odby\u0142a si\u0119 konferencja &#8222;M\u0142odzi w Samorz\u0105dzie&#8221;. Wydarzenie by\u0142o skierowane do uczni\u00f3w szk\u00f3\u0142 zar\u00f3wno podstawowych jak i ponadpodstawowych z ca\u0142ego powiatu z\u0105bkowickiego i wzi\u0119\u0142o w nim udzia\u0142 ponad 100 przedstawicieli spo\u0142eczno\u015bci szkolnych.<\/p>\n<p>Celem konferencji by\u0142o stworzenie dla uczni\u00f3w przestrzeni do rozwijania umiej\u0119tno\u015bci pracy w zespole oraz zdolno\u015bci kooperacyjnych. Nasze wydarzenie stanowi\u0142o inspiracj\u0119 dla m\u0142odzie\u017cy do tworzenia nowych inicjatyw oraz podniesienia efektywno\u015bci ju\u017c podejmowanych przez nich dzia\u0142a\u0144.<\/p>\nWsp\u00f3lnie z uczestnikami szukali\u015bmy odpowiedzi na kilka podstawowych pyta\u0144:<br \/>\nCo m\u0142ody cz\u0142owiek odkrywa dzi\u0119ki dzia\u0142alno\u015bci w Samorz\u0105dzie Uczniowskim?<br \/>\nJak budowa\u0107 zesp\u00f3\u0142 w ramach Samorz\u0105du Uczniowskiego?<br \/>\nJak aktywizowa\u0107 m\u0142odzie\u017c szkoln\u0105?\n<p>Rozpocz\u0119cia konferencji oraz powitania go\u015bci i uczestnik\u00f3w dokonali Mariusz Szpilarewicz &#8211; Burmistrz Miasta Zi\u0119bic, Wiktor Ocha\u0142 &#8211; Radny Rady Miejskiej w Zi\u0119bicach oraz Pawe\u0142 Kierakowicz &#8211; Prezes Akademii Samorz\u0105d\u00f3w Uczniowskich.<\/p>\n<p><strong>Panel wyk\u0142adowy &#8222;Co m\u0142ody cz\u0142owiek odkrywa dzi\u0119ki pracy w Samorz\u0105dzie Uczniowskim&#8221;<\/strong><\/p>\n<p>Podczas panelu wyk\u0142adowego Prezes i za\u0142o\u017cyciel Akademii Samorz\u0105d\u00f3w Uczniowskich &#8211; Pawe\u0142 Kierakowicz wraz z uczestnikami odkrywa\u0142 jaki potencja\u0142 oraz warto\u015bci niesie za sob\u0105 samorz\u0105dno\u015b\u0107. Przy tej okazji podzieli\u0142 si\u0119 on z uczestnikami histori\u0105 o pocz\u0105tkach swojej dzia\u0142alno\u015bci oraz do\u015bwiadczeniami z pracy na rzecz swoich spo\u0142eczno\u015bci szkolnych.<\/p>\n<p><strong>Warsztat &#8222;Team building, czyli co nieco o budowaniu zespo\u0142u&#8221;<\/strong><\/p>\n<p>Warsztat poprowadzony zosta\u0142 przez cz\u0142onkinie Akademii Samorz\u0105d\u00f3w Uczniowskich &#8211; Kasi\u0119 Hu\u0144kowsk\u0105 oraz Wiktori\u0119 Tadl\u0119 bardzo zintegrowa\u0142 ze sob\u0105 uczestnik\u00f3w. Wsp\u00f3lnie zdefiniowali oni problemy z jakimi uczniowie borykaj\u0105 si\u0119 przy realizacji swoich inicjatyw, nast\u0119pnie szukaj\u0105c ich rozwi\u0105za\u0144 opracowali modelowe dzia\u0142ania Samorz\u0105du Uczniowskiego.<\/p>\n<p><strong>Debata<\/strong><\/p>\nZwie\u0144czeniem ca\u0142ego wydarzenia by\u0142a debata, w kt\u00f3rej wzi\u0119li udzia\u0142:<br \/>\nWiktoria Tadla &#8211; przedstawicielka ASU oraz radna M\u0142odzie\u017cowego Sejmiku Wojew\u00f3dztwa Dolno\u015bl\u0105skiego,<br \/>\nHubert Koszyk &#8211; radny M\u0142odzie\u017cowej Rady Miasta Z\u0105bkowice \u015al\u0105skie,<br \/>\nWiktor Ocha\u0142 &#8211; Radny Rady Miejskiej w Zi\u0119bicach.<br \/>\nOdpowiadali oni na pytania uczestnik\u00f3w o to jak wygl\u0105da\u0142y pocz\u0105tki ich dzia\u0142alno\u015bci samorz\u0105dowej oraz o wyzwaniach jakie si\u0119 z tym wi\u0105za\u0142y.\n<p>Ca\u0142e wydarzenie powsta\u0142o przy wsp\u00f3\u0142pracy z Burmistrzem Zi\u0119bic &#8211; Mariuszem Szpilarewiczem, Centrum Kultury Zi\u0119bice oraz Radnym Rady Miejskiej w Zi\u0119bicach &#8211; Wiktorem Ocha\u0142em. Bardzo dzi\u0119kujemy za zaproszenie oraz za tak liczn\u0105 obecno\u015b\u0107!<\/p>\n\t\n\n","protected":false},"excerpt":{"rendered":"<p>Our Projects Adventure Water Sports Interdum exercitation penatibus, praesentium facilisi accusamus fermentum, sagittis. Snow Adventure Winter Sports Interdum exercitation penatibus, praesentium facilisi accusamus fermentum, sagittis. Forest Tours Camping Interdum exercitation penatibus, praesentium facilisi accusamus fermentum, sagittis.<\/p>\n","protected":false},"author":2,"featured_media":0,"parent":1204,"menu_order":0,"comment_status":"closed","ping_status":"closed","template":"","meta":{"site-sidebar-layout":"no-sidebar","site-content-layout":"page-builder","ast-site-content-layout":"default","site-content-style":"default","site-sidebar-style":"default","ast-global-header-display":"","ast-banner-title-visibility":"","ast-main-header-display":"","ast-hfb-above-header-display":"","ast-hfb-below-header-display":"","ast-hfb-mobile-header-display":"","site-post-title":"disabled","ast-breadcrumbs-content":"","ast-featured-img":"disabled","footer-sml-layout":"","theme-transparent-header-meta":"default","adv-header-id-meta":"","stick-header-meta":"","header-above-stick-meta":"","header-main-stick-meta":"","header-below-stick-meta":"","astra-migrate-meta-layouts":"default","ast-page-background-enabled":"default","ast-page-background-meta":{"desktop":{"background-color":"","background-image":"","background-repeat":"repeat","background-position":"center center","background-size":"auto","background-attachment":"scroll","background-type":"","background-media":"","overlay-type":"","overlay-color":"","overlay-opacity":"","overlay-gradient":""},"tablet":{"background-color":"","background-image":"","background-repeat":"repeat","background-position":"center center","background-size":"auto","background-attachment":"scroll","background-type":"","background-media":"","overlay-type":"","overlay-color":"","overlay-opacity":"","overlay-gradient":""},"mobile":{"background-color":"","background-image":"","background-repeat":"repeat","background-position":"center center","background-size":"auto","background-attachment":"scroll","background-type":"","background-media":"","overlay-type":"","overlay-color":"","overlay-opacity":"","overlay-gradient":""}},"ast-content-background-meta":{"desktop":{"background-color":"var(--ast-global-color-5)","background-image":"","background-repeat":"repeat","background-position":"center center","background-size":"auto","background-attachment":"scroll","background-type":"","background-media":"","overlay-type":"","overlay-color":"","overlay-opacity":"","overlay-gradient":""},"tablet":{"background-color":"var(--ast-global-color-5)","background-image":"","background-repeat":"repeat","background-position":"center center","background-size":"auto","background-attachment":"scroll","background-type":"","background-media":"","overlay-type":"","overlay-color":"","overlay-opacity":"","overlay-gradient":""},"mobile":{"background-color":"var(--ast-global-color-5)","background-image":"","background-repeat":"repeat","background-position":"center center","background-size":"auto","background-attachment":"scroll","background-type":"","background-media":"","overlay-type":"","overlay-color":"","overlay-opacity":"","overlay-gradient":""}},"footnotes":""},"class_list":["post-2260","page","type-page","status-publish","hentry"],"_links":{"self":[{"href":"https:\/\/akademiasu.org.pl\/index.php?rest_route=\/wp\/v2\/pages\/2260","targetHints":{"allow":["GET"]}}],"collection":[{"href":"https:\/\/akademiasu.org.pl\/index.php?rest_route=\/wp\/v2\/pages"}],"about":[{"href":"https:\/\/akademiasu.org.pl\/index.php?rest_route=\/wp\/v2\/types\/page"}],"author":[{"embeddable":true,"href":"https:\/\/akademiasu.org.pl\/index.php?rest_route=\/wp\/v2\/users\/2"}],"replies":[{"embeddable":true,"href":"https:\/\/akademiasu.org.pl\/index.php?rest_route=%2Fwp%2Fv2%2Fcomments&post=2260"}],"version-history":[{"count":2,"href":"https:\/\/akademiasu.org.pl\/index.php?rest_route=\/wp\/v2\/pages\/2260\/revisions"}],"predecessor-version":[{"id":2264,"href":"https:\/\/akademiasu.org.pl\/index.php?rest_route=\/wp\/v2\/pages\/2260\/revisions\/2264"}],"up":[{"embeddable":true,"href":"https:\/\/akademiasu.org.pl\/index.php?rest_route=\/wp\/v2\/pages\/1204"}],"wp:attachment":[{"href":"https:\/\/akademiasu.org.pl\/index.php?rest_route=%2Fwp%2Fv2%2Fmedia&parent=2260"}],"curies":[{"name":"wp","href":"https:\/\/api.w.org\/{rel}","templated":true}]}}