{"id":1789,"date":"2022-01-21T14:20:20","date_gmt":"2022-01-21T14:20:20","guid":{"rendered":"https:\/\/akademiasu.org.pl\/?page_id=1789"},"modified":"2026-03-25T15:38:56","modified_gmt":"2026-03-25T15:38:56","slug":"home","status":"publish","type":"page","link":"https:\/\/akademiasu.org.pl\/","title":{"rendered":"Strona g\u0142\u00f3wna"},"content":{"rendered":"\n\n\t\t\t\t<img decoding=\"async\" src=\"https:\/\/akademiasu.org.pl\/wp-content\/uploads\/2021\/11\/Zrzut_ekranu_2021-11-06_140205-removebg-preview.png\" alt=\"Zrzut_ekranu_2021-11-06_140205-removebg-preview\" itemprop=\"image\" height=\"63\" width=\"403\" title=\"Zrzut_ekranu_2021-11-06_140205-removebg-preview\" onerror=\"this.style.display='none'\" loading=\"lazy\" \/>\n\t\t\t<h6>\n\t\t\t\t\tOdkryj potencja\u0142 samorz\u0105dno\u015bci\n\t\t\t\t<\/h6>\n\t<h1><strong>AKADEMIA<\/strong><\/h1>\n<h1><strong>SAMORZ\u0104D\u00d3W<\/strong><\/h1>\n<h1><strong>UCZNIOWSKICH<\/strong><\/h1>\n\t\t\t\t<img decoding=\"async\" src=\"https:\/\/akademiasu.org.pl\/wp-content\/uploads\/2021\/11\/Zrzut_ekranu_2021-11-06_140710-removebg-preview.png\" alt=\"Zrzut_ekranu_2021-11-06_140710-removebg-preview\" itemprop=\"image\" height=\"59\" width=\"391\" title=\"Zrzut_ekranu_2021-11-06_140710-removebg-preview\" onerror=\"this.style.display='none'\" loading=\"lazy\" \/>\n\t\t\t\t<img decoding=\"async\" src=\"https:\/\/akademiasu.org.pl\/wp-content\/uploads\/2021\/10\/sygnet1.png\" alt=\"sygnet1\" itemprop=\"image\"\/>\n\t\t<h4>\n\t\t\tFORUM\t<\/h4>\n\t\t\t\t<img decoding=\"async\" src=\"https:\/\/akademiasu.org.pl\/wp-content\/uploads\/2021\/10\/sygnet3.png\" alt=\"sygnet3\" itemprop=\"image\"\/>\n\t\t<h4>\n\t\t\tLUDZIE\t<\/h4>\n\t\t\t\t<img decoding=\"async\" src=\"https:\/\/akademiasu.org.pl\/wp-content\/uploads\/2021\/10\/sygnet2.png\" alt=\"sygnet2\" itemprop=\"image\"\/>\n\t\t<h4>\n\t\t\tDO\u015aWIADCZENIE\t<\/h4>\n\t\t\t<h2>\n\t\t\t\t\tKIM JESTE\u015aMY?\n\t\t\t\t<\/h2>\n\t\t\t<p>Jeste\u015bmy zespo\u0142em m\u0142odych lider\u00f3w i ludzi z pasj\u0105, kt\u00f3rzy od lat anga\u017cuj\u0105 si\u0119 w rozw\u00f3j samorz\u0105dno\u015bci uczniowskiej. Nasz\u0105 misj\u0105 jest wspieranie i promowanie zaanga\u017cowania spo\u0142ecznego w\u015br\u00f3d uczni\u00f3w i nauczycieli w ca\u0142ej Polsce.<\/p>\n<p>Realizuj\u0105c warsztaty i projekty, wdra\u017camy w praktyce za\u0142o\u017cenia podstawy programowej z zakresu edukacji obywatelskiej. Dzi\u0119ki temu uczniowie rozwijaj\u0105 kompetencje obywatelskie, ucz\u0105 si\u0119 wsp\u00f3\u0142pracy, odpowiedzialno\u015bci i aktywnego udzia\u0142u w \u017cyciu szko\u0142y oraz lokalnej spo\u0142eczno\u015bci.<\/p>\n\t\t\t<a href=\"https:\/\/akademiasu.org.pl\/?page_id=587\" target=\"_self\"  role=\"button\">\n\t\t\t\t\t\tdowiedz si\u0119 wi\u0119cej\n\t\t<\/a>\n\t\t\t\t<img decoding=\"async\" src=\"https:\/\/akademiasu.org.pl\/wp-content\/uploads\/2023\/12\/409955365_754901586668422_3222026428707034683_n.jpg\" alt=\"409955365_754901586668422_3222026428707034683_n\" itemprop=\"image\" height=\"1334\" width=\"2000\" title=\"409955365_754901586668422_3222026428707034683_n\" onerror=\"this.style.display='none'\" loading=\"lazy\" \/>\n<h2>\n\t\t\tPARTNERZY\t<\/h2>\n<h1  id=\"dzialania\" data-animation-delay=\"0\" data-animation-duration=\"1\">\n\t\t\tNasze dzia\u0142ania\t<\/h1>\n\t<p>Jak wspieramy Samorz\u0105dy Uczniowskie?<\/p>\n\t\t\t<h3>\n\t\t\t\t\t<a href=\"https:\/\/akademiasu.org.pl\/?page_id=1204\" title=\"Konferencje\" target=\"_self\"  aria-label=\"Go to https:\/\/akademiasu.org.pl\/?page_id=1204\">\n\t\t\t\t\t\tKonferencje\n\t\t\t\t\t\t<\/a>\n\t\t\t<\/h3>\n\t<p>Organizowane przez nas konferencje maj\u0105 na celu przybli\u017canie problematyki funkcjonowania samorz\u0105d\u00f3w uczniowskich oraz stoj\u0105cych przed nimi wyzwa\u0144.<\/p>\n\t\t\t<h3>\n\t\t\t\t\t<a href=\"https:\/\/akademiasu.org.pl\/?page_id=1207\" title=\"Konsultacje i debaty online\" target=\"_self\"  aria-label=\"Go to https:\/\/akademiasu.org.pl\/?page_id=1207\">\n\t\t\t\t\t\tKonsultacje i debaty online\n\t\t\t\t\t\t<\/a>\n\t\t\t<\/h3>\n\t<p>Cykliczne spotkania, w ramach kt\u00f3rych wsp\u00f3lnie omawiamy konkretne aspekty samorz\u0105dno\u015bci uczniowskiej.<\/p>\n\t\t\t<h3>\n\t\t\t\t\t<a href=\"https:\/\/akademiasu.org.pl\/?page_id=1210\" title=\"Warsztaty\" target=\"_self\"  aria-label=\"Go to https:\/\/akademiasu.org.pl\/?page_id=1210\">\n\t\t\t\t\t\tWarsztaty\n\t\t\t\t\t\t<\/a>\n\t\t\t<\/h3>\n\t<p>Nasze warsztaty prowadzone dla przedstawicieli Samorz\u0105d\u00f3w Uczniowskich s\u0142u\u017c\u0105 zdobywaniu potrzebnej i praktycznej wiedzy w zakresie organizacji, tworzenia i realizacji projekt\u00f3w.<\/p>\n\t\t\t<h3>\n\t\t\t\t\t<a href=\"https:\/\/akademiasu.org.pl\/?page_id=1106\" title=\"Rozmowy Samorz\u0105dowe\" target=\"_self\"  aria-label=\"Go to https:\/\/akademiasu.org.pl\/?page_id=1106\">\n\t\t\t\t\t\tRozmowy Samorz\u0105dowe\n\t\t\t\t\t\t<\/a>\n\t\t\t<\/h3>\n\t<p>Jest to seria wywiad\u00f3w z osobami powi\u0105zanymi z Samorz\u0105dno\u015bci\u0105 Uczniowsk\u0105 z Wroc\u0142awia i nie tylko. W ramach pierwszego sezonu przeprowadzili\u015bmy a\u017c 14 rozm\u00f3w!<\/p>\n\t\t\t<h3>\n\t\t\t\t\tMentoring\n\t\t\t\t<\/h3>\n\t<p>Rozwijamy potencja\u0142y samorz\u0105d\u00f3w uczniowskich poprzez wsparcie finansowe i merytoryczne.<\/p>\n<p>Dotychczas w projektach \u201e<a href=\"https:\/\/akademiasu.org.pl\/?page_id=2948\">Moc Samorz\u0105dno\u015bci Uczniowskiej<\/a>&#8222;, \u201e<a href=\"https:\/\/akademiasu.org.pl\/?page_id=2085\">KLIMATyczna Szko\u0142a<\/a>&#8221; i \u201e<a href=\"https:\/\/akademiasu.org.pl\/?page_id=1190\">Wroc\u0142awski Bud\u017cet Samorz\u0105d\u00f3w Uczniowskich<\/a>&#8221; pomagamy m\u0142odzie\u017cy zamienia\u0107 pomys\u0142y w konkretne dzia\u0142ania &#8211; od wzmacniania samorz\u0105dno\u015bci, przez projekty klimatyczne, po inicjatywy spo\u0142eczne w szko\u0142ach.<\/p>\n0<!-- .labb-number -->ludzi, kt\u00f3rzy w\u0142\u0105czyli si\u0119 w nasze projekty<!-- .labb-odometer -->0<!-- .labb-number -->projekt\u00f3w, kt\u00f3re wspiera\u0142y szkolne samorz\u0105dy<!-- .labb-odometer -->0<!-- .labb-number -->miast, w kt\u00f3rych idea samorz\u0105dno\u015bci jest wa\u017cna<!-- .labb-odometer -->0<!-- .labb-number -->szk\u00f3\u0142, z kt\u00f3rymi wsp\u00f3\u0142pracowali\u015bmy<!-- .labb-odometer -->0<!-- .labb-number -->partner\u00f3w, kt\u00f3rzy nas wspierali<!-- .labb-odometer --><!-- .labb-odometers -->\n\t<h1>AKTUALNO\u015aCI<\/h1>\n\t<h4>Sprawd\u017a nad czym obecnie pracujemy!<\/h4>\n\t\t\t<a href=\"https:\/\/akademiasu.org.pl\/?page_id=1078\" target=\"_self\">\n\t\t\t\t\t\t\tZobacz wszystkie\n\t\t\t\t\t<\/a>\n\n","protected":false},"excerpt":{"rendered":"<p>Explore the Colourful World A Wonderful Gift Learn More &#8220;Fuerat aestu carentem habentia spectent tonitrua mutastis locavit liberioris.&#8221; &#8211; Adam Sendler Upcoming Events Everest Camp Trek Fuerat aestu carentem habentia spectent tonitrua mutastis locavit liberioris inistra possedit. Learn More Walking Holidays Fuerat aestu carentem habentia spectent tonitrua mutastis locavit liberioris inistra possedit. Learn More Explore &hellip;<\/p>\n<p class=\"read-more\"> <a class=\"\" href=\"https:\/\/websitedemos.net\/outdoor-adventure-01\/\"> <span class=\"screen-reader-text\">Home<\/span> Read More &raquo;<\/a><\/p>\n","protected":false},"author":2,"featured_media":0,"parent":0,"menu_order":0,"comment_status":"closed","ping_status":"closed","template":"","meta":{"site-sidebar-layout":"no-sidebar","site-content-layout":"page-builder","ast-site-content-layout":"full-width-container","site-content-style":"unboxed","site-sidebar-style":"unboxed","ast-global-header-display":"","ast-banner-title-visibility":"","ast-main-header-display":"","ast-hfb-above-header-display":"","ast-hfb-below-header-display":"","ast-hfb-mobile-header-display":"","site-post-title":"disabled","ast-breadcrumbs-content":"","ast-featured-img":"disabled","footer-sml-layout":"","theme-transparent-header-meta":"enabled","adv-header-id-meta":"","stick-header-meta":"","header-above-stick-meta":"","header-main-stick-meta":"","header-below-stick-meta":"","astra-migrate-meta-layouts":"set","ast-page-background-enabled":"default","ast-page-background-meta":{"desktop":{"background-color":"","background-image":"","background-repeat":"repeat","background-position":"center center","background-size":"auto","background-attachment":"scroll","background-type":"","background-media":"","overlay-type":"","overlay-color":"","overlay-opacity":"","overlay-gradient":""},"tablet":{"background-color":"","background-image":"","background-repeat":"repeat","background-position":"center center","background-size":"auto","background-attachment":"scroll","background-type":"","background-media":"","overlay-type":"","overlay-color":"","overlay-opacity":"","overlay-gradient":""},"mobile":{"background-color":"","background-image":"","background-repeat":"repeat","background-position":"center center","background-size":"auto","background-attachment":"scroll","background-type":"","background-media":"","overlay-type":"","overlay-color":"","overlay-opacity":"","overlay-gradient":""}},"ast-content-background-meta":{"desktop":{"background-color":"var(--ast-global-color-5)","background-image":"","background-repeat":"repeat","background-position":"center center","background-size":"auto","background-attachment":"scroll","background-type":"","background-media":"","overlay-type":"","overlay-color":"","overlay-opacity":"","overlay-gradient":""},"tablet":{"background-color":"var(--ast-global-color-5)","background-image":"","background-repeat":"repeat","background-position":"center center","background-size":"auto","background-attachment":"scroll","background-type":"","background-media":"","overlay-type":"","overlay-color":"","overlay-opacity":"","overlay-gradient":""},"mobile":{"background-color":"var(--ast-global-color-5)","background-image":"","background-repeat":"repeat","background-position":"center center","background-size":"auto","background-attachment":"scroll","background-type":"","background-media":"","overlay-type":"","overlay-color":"","overlay-opacity":"","overlay-gradient":""}},"footnotes":""},"class_list":["post-1789","page","type-page","status-publish","hentry"],"_links":{"self":[{"href":"https:\/\/akademiasu.org.pl\/index.php?rest_route=\/wp\/v2\/pages\/1789","targetHints":{"allow":["GET"]}}],"collection":[{"href":"https:\/\/akademiasu.org.pl\/index.php?rest_route=\/wp\/v2\/pages"}],"about":[{"href":"https:\/\/akademiasu.org.pl\/index.php?rest_route=\/wp\/v2\/types\/page"}],"author":[{"embeddable":true,"href":"https:\/\/akademiasu.org.pl\/index.php?rest_route=\/wp\/v2\/users\/2"}],"replies":[{"embeddable":true,"href":"https:\/\/akademiasu.org.pl\/index.php?rest_route=%2Fwp%2Fv2%2Fcomments&post=1789"}],"version-history":[{"count":52,"href":"https:\/\/akademiasu.org.pl\/index.php?rest_route=\/wp\/v2\/pages\/1789\/revisions"}],"predecessor-version":[{"id":3022,"href":"https:\/\/akademiasu.org.pl\/index.php?rest_route=\/wp\/v2\/pages\/1789\/revisions\/3022"}],"wp:attachment":[{"href":"https:\/\/akademiasu.org.pl\/index.php?rest_route=%2Fwp%2Fv2%2Fmedia&parent=1789"}],"curies":[{"name":"wp","href":"https:\/\/api.w.org\/{rel}","templated":true}]}}