{"id":1577,"date":"2021-11-28T13:18:33","date_gmt":"2021-11-28T13:18:33","guid":{"rendered":"https:\/\/akademiasu.org.pl\/?page_id=1577"},"modified":"2022-09-18T10:58:51","modified_gmt":"2022-09-18T10:58:51","slug":"konferencja2021ciechocinek","status":"publish","type":"page","link":"https:\/\/akademiasu.org.pl\/?page_id=1577","title":{"rendered":"Konferencja Samorz\u0105d\u00f3w Uczniowskich wojew\u00f3dztwa kujawsko-pomorskiego"},"content":{"rendered":"\n\n\t<h1>\n\t\t\t\t\t<a href=\"https:\/\/akademiasu.org.pl\/?page_id=1204\" title=\"KONFERENCJE\" target=\"_self\" rel=\"noopener\">\n\t\t\t\t\t\tKONFERENCJE\n\t\t\t\t\t\t<\/a>\n\t\t\t<\/h1>\n\t\t\t<h3><strong>Konferencja Samorz\u0105d\u00f3w Uczniowskich wojew\u00f3dztwa kujawsko-pomorskiego<\/strong><\/h3>\n<p>26 listopad 2021r.<\/p>\n\t<p>26 listopada 2021r. w sali widowiskowo-kinowej Miejskiego Centrum Kultury w Ciechocinku odby\u0142a si\u0119 Konferencja Samorz\u0105d\u00f3w Uczniowskich wojew\u00f3dztwa kujawsko-pomorskiego. W konferencji udzia\u0142 wzi\u0119li przedstawiciele 17 szk\u00f3\u0142 ponadpodstawowych.<\/p>\nKonferencja Samorz\u0105d\u00f3w Uczniowskich pozwoli\u0142a szkolnym samorz\u0105dom rozwin\u0105\u0107 swoj\u0105 wiedz\u0119 oraz podzieli\u0107 si\u0119 swoim do\u015bwiadczeniem. Dzi\u0119ki temu w przysz\u0142o\u015bci b\u0119d\u0105 mog\u0142y m.in. efektywniej pracowa\u0107 oraz proponowa\u0107 spo\u0142eczno\u015bci ciekawsze inicjatywy i imprezy.<br \/>\nSamorz\u0105d jest pierwszym miejscem, gdzie m\u0142odzi ludzie mog\u0105 nauczy\u0107 si\u0119 budowa\u0107 i utrzymywa\u0107 dobre relacje z innymi, a nast\u0119pnie przekuwa\u0107 je w dzia\u0142alno\u015b\u0107 na rzecz swoich spo\u0142eczno\u015bci.\n<p>Wydarzenie rozpocz\u0119li\u015bmy przem\u00f3wieniem Pani Agnieszki D\u0105browskiej Dyrektor Miejskiego Centrum Kultury w Ciechocinku. Nast\u0119pnie zabra\u0142a g\u0142os Pani El\u017cbieta Piniewska &#8211; Przewodnicz\u0105ca Sejmiku Wojew\u00f3dztwa Kujawsko-Pomorskiego. Opowiedzia\u0142a o istocie samorz\u0105dno\u015bci oraz zach\u0119ci\u0142a do zaanga\u017cowania si\u0119 w powstaj\u0105cy M\u0142odzie\u017cowy Sejmik Wojew\u00f3dztwa.<\/p>\n<p><strong>Panel wyk\u0142adowy &#8222;Co m\u0142ody cz\u0142owiek odkrywa dzi\u0119ki pracy w Samorz\u0105dzie Uczniowskim?&#8221;<\/strong><\/p>\n<p>Pawe\u0142 Kierakowicz &#8211; prezes i za\u0142o\u017cyciel Akademii Samorz\u0105d\u00f3w Uczniowskich, spo\u0142ecznik z pasj\u0105 podchodz\u0105cy do swoich projekt\u00f3w ch\u0119tnie podzieli\u0142 si\u0119 swoj\u0105 histori\u0105 dzia\u0142a\u0144 i pracy na rzecz samorz\u0105d\u00f3w uczniowskich oraz lokalnej spo\u0142eczno\u015bci.<\/p>\n<p><strong>Panel dyskusyjny &#8222;Aktywizacja uczniowska &#8211; jak do niej d\u0105\u017cy\u0107?&#8221;<\/strong><\/p>\n<p>Wiktoria Tadla, Zofia Matylda Czerwi\u0144ska, Kacper Wieczorkowski, Artur Pacu\u0142a i Miko\u0142aj Hetzig opowiedzieli o swoich do\u015bwiadczeniach dotycz\u0105cych pracy na rzecz aktywno\u015bci w stowarzyszeniach &#8211; Akademia Samorz\u0105d\u00f3w Uczniowskich oraz M\u0142odzi dla Torunia. Odnosili si\u0119 r\u00f3wnie\u017c do swoich szkolnych i prywatnych sytuacji. Podali przyk\u0142ady aktywno\u015bci oraz wypracowali wnioski odno\u015bnie przeszk\u00f3d wyst\u0119puj\u0105cych na drodze m\u0142odych aktywist\u00f3w.<\/p>\n<p><strong>Panel warsztatowy &#8222;Wizja dobrego samorz\u0105du uczniowskiego&#8221;<\/strong><\/p>\n<p>Micha\u0142 Tragarz, kt\u00f3ry od kilkunastu lat zajmuje si\u0119 samorz\u0105dno\u015bci\u0105 uczniowsk\u0105 w Centrum Edukacji Obywatelskiej, przeprowadzi\u0142 warsztat o wizji demokratycznego samorz\u0105du szkolnego. Warsztat by\u0142 form\u0105 wsp\u00f3\u0142pracy pomi\u0119dzy uczestnikami. Wymienili si\u0119 m.in. swoimi najlepszymi inicjatywami oraz wsp\u00f3lnie wybierali miejsce na wakacje uwzgl\u0119dniaj\u0105c zdanie wszystkich. Dowiedzieli si\u0119, w jaki spos\u00f3b skutecznie konsultowa\u0107 si\u0119 z uczniami oraz informowa\u0107 o dzia\u0142aniach.<\/p>\n<p>&nbsp;<\/p>\n<p>Wydarzenie zako\u0144czy\u0142 Pawe\u0142 Kierakowicz. Podzi\u0119kowa\u0142 partnerom wydarzenia oraz sztabowi organizacyjnemu. Nast\u0119pnie ka\u017cdy uczestnik otrzyma\u0142 pami\u0105tkow\u0105 teczk\u0119 z certyfikatem uczestnictwa i materia\u0142ami informacyjnymi. Nie zabrak\u0142o te\u017c pami\u0105tkowego zdj\u0119cia.<\/p>\n<p>&nbsp;<\/p>\n<p>Partnerzy wydarzenia: <a href=\"http:\/\/mck.ciechocinek.pl\">Miejskie Centrum Kultury w Ciechocinku<\/a>, <a href=\"https:\/\/ciechocinek.pl\">Biuro Kultury, Sportu i Promocji Miasta Ciechocinek<\/a>, <a href=\"http:\/\/comea.pl\">COMEA \u0141ukasz Ma\u0142ecki<\/a>, <a href=\"https:\/\/www.bluzup.com\/\">BluzUp<\/a>, <a href=\"https:\/\/www.uzdrowiskociechocinek.pl\/\">Przedsi\u0119biorstwo Uzdrowisko Ciechocinek<\/a>, <a href=\"https:\/\/polkorn.com.pl\/\">Piekarnia POLKORN Ciechocinek<\/a>.<\/p>\n\t\t\t\t<img decoding=\"async\" src=\"https:\/\/akademiasu.org.pl\/wp-content\/uploads\/2021\/11\/partnerzy_ciechocinek.png\" alt=\"partnerzy_ciechocinek\" itemprop=\"image\" title=\"partnerzy_ciechocinek\" onerror=\"this.style.display='none'\"  \/>\n\t\n\t<iframe src=\"https:\/\/www.youtube.com\/embed\/VSvd6hWmWYo\" frameborder=\"0\" allowfullscreen=\"allowfullscreen\"><\/iframe>\n\t<iframe src=\"https:\/\/www.facebook.com\/plugins\/video.php?height=314&amp;href=https%3A%2F%2Fwww.facebook.com%2Fakademia.samorzadow%2Fvideos%2F648737543145025%2F&amp;show_text=false&amp;width=560&amp;t=0\" frameborder=\"0\" allowfullscreen=\"allowfullscreen\"><\/iframe>\n\n","protected":false},"excerpt":{"rendered":"<p>Our Projects Adventure Water Sports Interdum exercitation penatibus, praesentium facilisi accusamus fermentum, sagittis. Snow Adventure Winter Sports Interdum exercitation penatibus, praesentium facilisi accusamus fermentum, sagittis. Forest Tours Camping Interdum exercitation penatibus, praesentium facilisi accusamus fermentum, sagittis.<\/p>\n","protected":false},"author":2,"featured_media":0,"parent":1204,"menu_order":0,"comment_status":"closed","ping_status":"closed","template":"","meta":{"site-sidebar-layout":"no-sidebar","site-content-layout":"page-builder","ast-site-content-layout":"default","site-content-style":"default","site-sidebar-style":"default","ast-global-header-display":"","ast-banner-title-visibility":"","ast-main-header-display":"","ast-hfb-above-header-display":"","ast-hfb-below-header-display":"","ast-hfb-mobile-header-display":"","site-post-title":"disabled","ast-breadcrumbs-content":"","ast-featured-img":"disabled","footer-sml-layout":"","theme-transparent-header-meta":"default","adv-header-id-meta":"","stick-header-meta":"","header-above-stick-meta":"","header-main-stick-meta":"","header-below-stick-meta":"","astra-migrate-meta-layouts":"default","ast-page-background-enabled":"default","ast-page-background-meta":{"desktop":{"background-color":"","background-image":"","background-repeat":"repeat","background-position":"center center","background-size":"auto","background-attachment":"scroll","background-type":"","background-media":"","overlay-type":"","overlay-color":"","overlay-opacity":"","overlay-gradient":""},"tablet":{"background-color":"","background-image":"","background-repeat":"repeat","background-position":"center center","background-size":"auto","background-attachment":"scroll","background-type":"","background-media":"","overlay-type":"","overlay-color":"","overlay-opacity":"","overlay-gradient":""},"mobile":{"background-color":"","background-image":"","background-repeat":"repeat","background-position":"center center","background-size":"auto","background-attachment":"scroll","background-type":"","background-media":"","overlay-type":"","overlay-color":"","overlay-opacity":"","overlay-gradient":""}},"ast-content-background-meta":{"desktop":{"background-color":"var(--ast-global-color-5)","background-image":"","background-repeat":"repeat","background-position":"center center","background-size":"auto","background-attachment":"scroll","background-type":"","background-media":"","overlay-type":"","overlay-color":"","overlay-opacity":"","overlay-gradient":""},"tablet":{"background-color":"var(--ast-global-color-5)","background-image":"","background-repeat":"repeat","background-position":"center center","background-size":"auto","background-attachment":"scroll","background-type":"","background-media":"","overlay-type":"","overlay-color":"","overlay-opacity":"","overlay-gradient":""},"mobile":{"background-color":"var(--ast-global-color-5)","background-image":"","background-repeat":"repeat","background-position":"center center","background-size":"auto","background-attachment":"scroll","background-type":"","background-media":"","overlay-type":"","overlay-color":"","overlay-opacity":"","overlay-gradient":""}},"footnotes":""},"class_list":["post-1577","page","type-page","status-publish","hentry"],"_links":{"self":[{"href":"https:\/\/akademiasu.org.pl\/index.php?rest_route=\/wp\/v2\/pages\/1577","targetHints":{"allow":["GET"]}}],"collection":[{"href":"https:\/\/akademiasu.org.pl\/index.php?rest_route=\/wp\/v2\/pages"}],"about":[{"href":"https:\/\/akademiasu.org.pl\/index.php?rest_route=\/wp\/v2\/types\/page"}],"author":[{"embeddable":true,"href":"https:\/\/akademiasu.org.pl\/index.php?rest_route=\/wp\/v2\/users\/2"}],"replies":[{"embeddable":true,"href":"https:\/\/akademiasu.org.pl\/index.php?rest_route=%2Fwp%2Fv2%2Fcomments&post=1577"}],"version-history":[{"count":8,"href":"https:\/\/akademiasu.org.pl\/index.php?rest_route=\/wp\/v2\/pages\/1577\/revisions"}],"predecessor-version":[{"id":2390,"href":"https:\/\/akademiasu.org.pl\/index.php?rest_route=\/wp\/v2\/pages\/1577\/revisions\/2390"}],"up":[{"embeddable":true,"href":"https:\/\/akademiasu.org.pl\/index.php?rest_route=\/wp\/v2\/pages\/1204"}],"wp:attachment":[{"href":"https:\/\/akademiasu.org.pl\/index.php?rest_route=%2Fwp%2Fv2%2Fmedia&parent=1577"}],"curies":[{"name":"wp","href":"https:\/\/api.w.org\/{rel}","templated":true}]}}