{"id":1359,"date":"2021-10-30T19:46:32","date_gmt":"2021-10-30T19:46:32","guid":{"rendered":"https:\/\/akademiasu.org.pl\/?page_id=1359"},"modified":"2022-01-19T15:33:35","modified_gmt":"2022-01-19T15:33:35","slug":"konferencja20192020","status":"publish","type":"page","link":"https:\/\/akademiasu.org.pl\/?page_id=1359","title":{"rendered":"Konferencja Akademii Samorz\u0105d\u00f3w Uczniowskich 2019\/20"},"content":{"rendered":"\n\n\t<h1>\n\t\t\t\t\t<a href=\"https:\/\/akademiasu.org.pl\/?page_id=1204\" title=\"KONFERENCJE\" target=\"_self\" rel=\"noopener\">\n\t\t\t\t\t\tKONFERENCJE\n\t\t\t\t\t\t<\/a>\n\t\t\t<\/h1>\n\t\t\t<h3><strong>Konferencja Akademii Samorz\u0105d\u00f3w Uczniowskich 2019\/20<\/strong><\/h3>\n<p>20 listopad 2019r.<\/p>\n\t<p>Kolejna nasza Konferencja odby\u0142a si\u0119 20 listopada 2020 roku w Instytucie Politologii na Wydziale Nauk Spo\u0142ecznych Uniwersytetu Wroc\u0142awskiego. W konferencji udzia\u0142 wzi\u0119li przedstawiciele 26 wroc\u0142awskich szk\u00f3\u0142 ponadpodstawowych.\u00a0<\/p>\n<p>Jednym z cel\u00f3w konferencji by\u0142o przekazanie przedstawicielom samorz\u0105d\u00f3w uczniowskich oraz ich opiekunom sposob\u00f3w jak mog\u0105 wdra\u017ca\u0107 zaplanowane przez nich projekty oraz sk\u0105d mog\u0105 pozyska\u0107 na to fundusze. Nasi prelegenci przedstawiali r\u00f3wnie\u017c jakie \u015brodki i narz\u0119dzia samorz\u0105dy mog\u0105 wykorzystywa\u0107 w swojej codziennej dzia\u0142alno\u015bci.<\/p>\n<p>Wydarzenie rozpocz\u0119li\u015bmy przem\u00f3wieniem Pani Dyrektor Ewy Szcz\u0119ch z Wydzia\u0142u Szk\u00f3\u0142 Ponadpodstawowych i Specjalnych Urz\u0119du Miejskiego Wroc\u0142awia. Nast\u0119pnie wyst\u0105pi\u0142 Prezes ASU Pawe\u0142 Kierakowicz, kt\u00f3ry opowiedzia\u0142 o idei Akademii i dokona\u0142 &#8222;immatrykulacji&#8221;.<\/p>\n<p>Panel I &#8222;Dlaczego warto dzia\u0142a\u0107 w samorz\u0105dzie uczniowskim? Jak by\u0107 dobrym liderem?&#8221;<\/p>\n<p>Podczas pierwszego panelu Piotr Kolbusz &#8211; przedsi\u0119biorca i biznesmen, wsp\u00f3\u0142za\u0142o\u017cyciel i wsp\u00f3\u0142w\u0142a\u015bciciel firmy Inter Mind, obecnie dzia\u0142aj\u0105cej pod nazw\u0105 Black Point S.A, zasiadaj\u0105cy w Zarz\u0105dach i Radach Nadzorczych blisko dziesi\u0119ciu innych sp\u00f3\u0142ek &#8211; podzieli\u0142 si\u0119 swoim d\u0142ugoletnim do\u015bwiadczeniem, opowiada\u0142 dlaczego warto dzia\u0142a\u0107 w samorz\u0105dzie uczniowskim oraz jak zosta\u0107 dobrym liderem\/przyw\u00f3dc\u0105.<\/p>\n<p>Panel II &#8222;Samorz\u0105d &#8211; na ile rzeczywi\u015bcie samorz\u0105dny, czyli co formalnego ka\u017cdy lider wiedzie\u0107 powinien? Regulamin, struktury, plan pracy&#8221;<\/p>\n<p>Drugi panel prowadzony przez S\u0142awomira Wieteska &#8211; Prezesa Fundacji &#8222;Jagni\u0105tk\u00f3w&#8221; oraz cz\u0142onka zarz\u0105du Dolno\u015bl\u0105skiej Federacji Organizacji Pozarz\u0105dowych, dzia\u0142aj\u0105cego od wielu lat w sektorze organizacji pozarz\u0105dowych zajmuj\u0105cych si\u0119 edukacj\u0105 i rozwojem spo\u0142ecze\u0144stwa obywatelskiego &#8211; skupia\u0142 si\u0119 na tym, na ile rzeczywi\u015bcie samorz\u0105dne s\u0105 samorz\u0105dy uczniowskie i co formalnego ka\u017cdy lider SU wiedzie\u0107 powinien.\u00a0<\/p>\n<p>Panel III &#8222;Media spo\u0142eczno\u015bciowe, czyli jak wykorzystywa\u0107 wsp\u00f3\u0142czesne narz\u0119dzia komunikacji w spo\u0142eczno\u015bci szkolnej?&#8221;<\/p>\n<p>Podczas trzeciego panelu prowadzonego przez Marlen\u0119 Urbaniak &#8211; ekspertk\u0119 komunikacji wizerunkowej, wsp\u00f3\u0142tw\u00f3rczyni kampanii spo\u0142ecznej &#8222;Nie jestem towarem&#8221; i koordynatork\u0119 public relations swojego SU w czasach licealnych &#8211; uczestnicy mieli okazj\u0119 dowiedzie\u0107 si\u0119, w jaki spos\u00f3b wykorzysta\u0107 w swojej codziennej dzia\u0142alno\u015bci media spo\u0142eczno\u015bciowe.<\/p>\n<p>Podczas warsztatu integracyjnego prowadzonego przez Gabriel\u0119 Hut\u0119, przedstawicielk\u0119 M\u0142odzie\u017cowej Rady Miasta Wroc\u0142awia, liderzy mogli zintegrowa\u0107 si\u0119 ze sob\u0105, wsp\u00f3lnie szukaj\u0105c rozwi\u0105za\u0144 problem\u00f3w typowych dla wroc\u0142awskich samorz\u0105d\u00f3w uczniowskich.<\/p>\n<p>Ostatnimi punktami programu by\u0142y prezentacje &#8211; &#8222;Przybornik lidera samorz\u0105du uczniowskiego.&#8221; oraz &#8222;Mikrogranty, czyli sk\u0105d pozyskiwa\u0107 fundusze na realizacj\u0119 swoich dzia\u0142a\u0144?&#8221;. Prowadz\u0105cy Gabriel Antos, przedstawiciel naszego stowarzyszenia oraz Alicja Pietrzyk, koordynatorka Mikrogrant\u00f3w M\u0142odzie\u017cowych opowiadali jakie organizacje samorz\u0105dy mog\u0105 zaprosi\u0107 do wsp\u00f3\u0142pracy przy organizacji swoich wydarze\u0144 oraz sk\u0105d zebra\u0107 \u015brodki potrzebne do ich przeprowadzenia.<\/p>\n<p>Partnerami wydarzenia: M\u0142odzie\u017cowy Sejmik Wojew\u00f3dztwo Dolno\u015bl\u0105skiego, Samorz\u0105d Studencki Politechniki Wroc\u0142awskiej, Ko\u0142o M\u0142odych Politolog\u00f3w Uniwersytetu Wroc\u0142awskiego.\u00a0<\/p>\n<p>Patronat nad wydarzeniem obj\u0119li: Dolno\u015bl\u0105ski Kurator O\u015bwiaty, Prezydent Miasta Wroc\u0142awia <\/p>\n\t\n\n","protected":false},"excerpt":{"rendered":"<p>Our Projects Adventure Water Sports Interdum exercitation penatibus, praesentium facilisi accusamus fermentum, sagittis. Snow Adventure Winter Sports Interdum exercitation penatibus, praesentium facilisi accusamus fermentum, sagittis. Forest Tours Camping Interdum exercitation penatibus, praesentium facilisi accusamus fermentum, sagittis.<\/p>\n","protected":false},"author":2,"featured_media":0,"parent":1204,"menu_order":0,"comment_status":"closed","ping_status":"closed","template":"","meta":{"site-sidebar-layout":"no-sidebar","site-content-layout":"page-builder","ast-site-content-layout":"default","site-content-style":"default","site-sidebar-style":"default","ast-global-header-display":"","ast-banner-title-visibility":"","ast-main-header-display":"","ast-hfb-above-header-display":"","ast-hfb-below-header-display":"","ast-hfb-mobile-header-display":"","site-post-title":"disabled","ast-breadcrumbs-content":"","ast-featured-img":"disabled","footer-sml-layout":"","theme-transparent-header-meta":"default","adv-header-id-meta":"","stick-header-meta":"","header-above-stick-meta":"","header-main-stick-meta":"","header-below-stick-meta":"","astra-migrate-meta-layouts":"default","ast-page-background-enabled":"default","ast-page-background-meta":{"desktop":{"background-color":"","background-image":"","background-repeat":"repeat","background-position":"center center","background-size":"auto","background-attachment":"scroll","background-type":"","background-media":"","overlay-type":"","overlay-color":"","overlay-opacity":"","overlay-gradient":""},"tablet":{"background-color":"","background-image":"","background-repeat":"repeat","background-position":"center center","background-size":"auto","background-attachment":"scroll","background-type":"","background-media":"","overlay-type":"","overlay-color":"","overlay-opacity":"","overlay-gradient":""},"mobile":{"background-color":"","background-image":"","background-repeat":"repeat","background-position":"center center","background-size":"auto","background-attachment":"scroll","background-type":"","background-media":"","overlay-type":"","overlay-color":"","overlay-opacity":"","overlay-gradient":""}},"ast-content-background-meta":{"desktop":{"background-color":"var(--ast-global-color-5)","background-image":"","background-repeat":"repeat","background-position":"center center","background-size":"auto","background-attachment":"scroll","background-type":"","background-media":"","overlay-type":"","overlay-color":"","overlay-opacity":"","overlay-gradient":""},"tablet":{"background-color":"var(--ast-global-color-5)","background-image":"","background-repeat":"repeat","background-position":"center center","background-size":"auto","background-attachment":"scroll","background-type":"","background-media":"","overlay-type":"","overlay-color":"","overlay-opacity":"","overlay-gradient":""},"mobile":{"background-color":"var(--ast-global-color-5)","background-image":"","background-repeat":"repeat","background-position":"center center","background-size":"auto","background-attachment":"scroll","background-type":"","background-media":"","overlay-type":"","overlay-color":"","overlay-opacity":"","overlay-gradient":""}},"footnotes":""},"class_list":["post-1359","page","type-page","status-publish","hentry"],"_links":{"self":[{"href":"https:\/\/akademiasu.org.pl\/index.php?rest_route=\/wp\/v2\/pages\/1359","targetHints":{"allow":["GET"]}}],"collection":[{"href":"https:\/\/akademiasu.org.pl\/index.php?rest_route=\/wp\/v2\/pages"}],"about":[{"href":"https:\/\/akademiasu.org.pl\/index.php?rest_route=\/wp\/v2\/types\/page"}],"author":[{"embeddable":true,"href":"https:\/\/akademiasu.org.pl\/index.php?rest_route=\/wp\/v2\/users\/2"}],"replies":[{"embeddable":true,"href":"https:\/\/akademiasu.org.pl\/index.php?rest_route=%2Fwp%2Fv2%2Fcomments&post=1359"}],"version-history":[{"count":4,"href":"https:\/\/akademiasu.org.pl\/index.php?rest_route=\/wp\/v2\/pages\/1359\/revisions"}],"predecessor-version":[{"id":1735,"href":"https:\/\/akademiasu.org.pl\/index.php?rest_route=\/wp\/v2\/pages\/1359\/revisions\/1735"}],"up":[{"embeddable":true,"href":"https:\/\/akademiasu.org.pl\/index.php?rest_route=\/wp\/v2\/pages\/1204"}],"wp:attachment":[{"href":"https:\/\/akademiasu.org.pl\/index.php?rest_route=%2Fwp%2Fv2%2Fmedia&parent=1359"}],"curies":[{"name":"wp","href":"https:\/\/api.w.org\/{rel}","templated":true}]}}