{"id":1194,"date":"2021-10-17T13:25:40","date_gmt":"2021-10-17T13:25:40","guid":{"rendered":"https:\/\/akademiasu.org.pl\/?page_id=1194"},"modified":"2024-10-16T18:58:32","modified_gmt":"2024-10-16T18:58:32","slug":"badania","status":"publish","type":"page","link":"https:\/\/akademiasu.org.pl\/?page_id=1194","title":{"rendered":"Badania"},"content":{"rendered":"\n\n\t\t\t\t<img loading=\"lazy\" decoding=\"async\" src=\"https:\/\/akademiasu.org.pl\/wp-content\/uploads\/2021\/11\/Zrzut_ekranu_2021-11-06_140205-removebg-preview.png\" alt=\"Zrzut_ekranu_2021-11-06_140205-removebg-preview\" itemprop=\"image\" height=\"63\" width=\"403\" title=\"Zrzut_ekranu_2021-11-06_140205-removebg-preview\" onerror=\"this.style.display='none'\"  \/>\n\t<h1>\n\t\t\t\t\tBADANIA\n\t\t\t\t<\/h1>\n\t\t\t\t<img loading=\"lazy\" decoding=\"async\" src=\"https:\/\/akademiasu.org.pl\/wp-content\/uploads\/2021\/11\/Zrzut_ekranu_2021-11-06_140710-removebg-preview.png\" alt=\"Zrzut_ekranu_2021-11-06_140710-removebg-preview\" itemprop=\"image\" height=\"59\" width=\"391\" title=\"Zrzut_ekranu_2021-11-06_140710-removebg-preview\" onerror=\"this.style.display='none'\"  \/>\n\t<h2>\n\t\t\t\t\tBADANIA\n\t\t\t\t<\/h2>\n\t\t\t<p>Aby lepiej zrozumie\u0107 potrzeby oraz problemy spo\u0142eczno\u015bci szkolnych prowadzimy r\u00f3wnie\u017c badania.<br \/>W ten spos\u00f3b mo\u017cemy dostosowywa\u0107 nasze dzia\u0142ania do rzeczywistych i bie\u017c\u0105cych potrzeb szk\u00f3\u0142 oraz skuteczniej dociera\u0107 do naszej grupy docelowej, jak\u0105 s\u0105 samorz\u0105dy uczniowskie.<\/p>\n<h2>\n\t\tBADANIE MEDI\u00d3W SZKOLNYCH\n\t<\/h2>\n\t<p>Badanie dotycz\u0105ce medi\u00f3w szkolnych zosta\u0142o przeprowadzone przez Akademi\u0119 Samorz\u0105d\u00f3w Uczniowskich w 2024 roku.<\/p>\n<p>Badanie ma na celu zrozumienie roli, znaczenia oraz sposobu funkcjonowania r\u00f3\u017cnych form medi\u00f3w wewn\u0105trz szk\u00f3\u0142, takich jak szkolne gazetki, blogi, strony internetowe, profile w mediach spo\u0142eczno\u015bciowych, radiow\u0119z\u0142y i telewizje. Ponadto ma wskaza\u0107 potencjalne kierunki ich rozwoju, promowa\u0107 uczniowskie zaanga\u017cowanie i zmierza\u0107 do znalezienia rozwi\u0105za\u0144 dla wyzwa\u0144 zwi\u0105zanych z niezale\u017cno\u015bci\u0105 i wolno\u015bci\u0105 s\u0142owa. W ramach badania skupili\u015bmy si\u0119 na analizie aktywno\u015bci medialnej szk\u00f3\u0142, jej wp\u0142ywie na integracj\u0119 szkolnej spo\u0142eczno\u015bci oraz na rozw\u00f3j kompetencji medialnych uczni\u00f3w. W niniejszym raporcie przedstawiamy szczeg\u00f3\u0142owe wyniki oraz wnioski z badania, kt\u00f3re mog\u0105 stanowi\u0107 cenn\u0105 podstaw\u0119 do dalszego rozwoju medi\u00f3w szkolnych w Polsce, a tak\u017ce dostarczy\u0107 wskaz\u00f3wek dla szk\u00f3\u0142, samorz\u0105d\u00f3w uczniowskich oraz nauczycieli na temat efektywnego wykorzystania medi\u00f3w w edukacji i \u017cyciu szkolnym.<\/p>\n\t\t\t<a href=\"https:\/\/akademiasu.org.pl\/wp-content\/uploads\/2024\/10\/Raport-Badanie-mediow-szkolnych.pdf\" target=\"_blank\" rel=\"noopener\">\n\t\t\t\t\t\tPOBIERZ RAPORT\n\t\t\t\t\t<\/a>\n\t\t\t\t<a href=\"https:\/\/akademiasu.org.pl\/wp-content\/uploads\/2024\/10\/Raport-Badanie-mediow-szkolnych.pdf\" target=\"_blank\" rel=\"noopener\" itemprop=\"url\">\n\t\t\t\t<img loading=\"lazy\" decoding=\"async\" src=\"https:\/\/akademiasu.org.pl\/wp-content\/uploads\/2024\/10\/Okladka_BadanieMediow.png\" alt=\"Okladka_BadanieMediow\" itemprop=\"image\" height=\"1000\" width=\"692\" title=\"Okladka_BadanieMediow\" onerror=\"this.style.display='none'\"  \/>\n\t\t\t\t<\/a>\n<h2>\n\t\tBADANIE DOTYCZ\u0104CE ORGANIZACJI WYBOR\u00d3W DO SAMORZ\u0104DU UCZNIOWSKIEGO WE WROC\u0141AWSKICH SZKO\u0141ACH PONADPODSTAWOWYCH\n\t<\/h2>\n\tBadanie zosta\u0142o przeprowadzone przez stowarzyszenie Akademia Samorz\u0105d\u00f3w Uczniowskich na prze\u0142omie pa\u017adziernika i listopada 2020.<br \/>\nJego celem by\u0142o zapoznanie si\u0119 z zasadami oraz procedurami przeprowadzania wybor\u00f3w do samorz\u0105du uczniowskiego we wroc\u0142awskich szko\u0142ach ponadpodstawowych.\n<p>Jest to kompleksowe badanie ankietowe poruszaj\u0105ce kwestie m.in. prowadzenia kampanii wyborczych w szko\u0142ach oraz tego jak wygl\u0105da wybieranie cz\u0142onk\u00f3w do zarz\u0105du Samorz\u0105du Uczniowskiego a jego wyniki umo\u017cliwiaj\u0105 okre\u015blenie poziomu demokratyzacji spo\u0142eczno\u015bci szkolnej.<\/p>\n<p>Badanie zosta\u0142o przeprowadzone poprzez anonimow\u0105 ankiet\u0119 internetow\u0105 i wzi\u0119\u0142o w nim udzia\u0142 57 uczni\u00f3w z 26 wroc\u0142awskich szk\u00f3\u0142, w tym 19 lice\u00f3w og\u00f3lnokszta\u0142c\u0105cych i 7 technik\u00f3w.<\/p>\n\t\t\t<a href=\"https:\/\/akademiasu.org.pl\/wp-content\/uploads\/2024\/09\/Raport-Organizacja-wyborow-do-SU-we-Wroclawiu.pdf\" target=\"_blank\" rel=\"noopener\">\n\t\t\t\t\t\tPOBIERZ RAPORT\n\t\t\t\t\t<\/a>\n\t\t\t\t<img loading=\"lazy\" decoding=\"async\" src=\"https:\/\/akademiasu.org.pl\/wp-content\/uploads\/2021\/10\/raport.jpg\" alt=\"raport\" itemprop=\"image\" height=\"540\" width=\"384\" title=\"raport\" onerror=\"this.style.display='none'\"  \/>\n\n","protected":false},"excerpt":{"rendered":"<p>Our Projects Adventure Water Sports Interdum exercitation penatibus, praesentium facilisi accusamus fermentum, sagittis. Snow Adventure Winter Sports Interdum exercitation penatibus, praesentium facilisi accusamus fermentum, sagittis. Forest Tours Camping Interdum exercitation penatibus, praesentium facilisi accusamus fermentum, sagittis.<\/p>\n","protected":false},"author":2,"featured_media":0,"parent":589,"menu_order":0,"comment_status":"closed","ping_status":"closed","template":"","meta":{"site-sidebar-layout":"no-sidebar","site-content-layout":"page-builder","ast-site-content-layout":"default","site-content-style":"default","site-sidebar-style":"default","ast-global-header-display":"","ast-banner-title-visibility":"","ast-main-header-display":"","ast-hfb-above-header-display":"","ast-hfb-below-header-display":"","ast-hfb-mobile-header-display":"","site-post-title":"disabled","ast-breadcrumbs-content":"","ast-featured-img":"disabled","footer-sml-layout":"","theme-transparent-header-meta":"enabled","adv-header-id-meta":"","stick-header-meta":"","header-above-stick-meta":"","header-main-stick-meta":"","header-below-stick-meta":"","astra-migrate-meta-layouts":"default","ast-page-background-enabled":"default","ast-page-background-meta":{"desktop":{"background-color":"","background-image":"","background-repeat":"repeat","background-position":"center center","background-size":"auto","background-attachment":"scroll","background-type":"","background-media":"","overlay-type":"","overlay-color":"","overlay-opacity":"","overlay-gradient":""},"tablet":{"background-color":"","background-image":"","background-repeat":"repeat","background-position":"center center","background-size":"auto","background-attachment":"scroll","background-type":"","background-media":"","overlay-type":"","overlay-color":"","overlay-opacity":"","overlay-gradient":""},"mobile":{"background-color":"","background-image":"","background-repeat":"repeat","background-position":"center center","background-size":"auto","background-attachment":"scroll","background-type":"","background-media":"","overlay-type":"","overlay-color":"","overlay-opacity":"","overlay-gradient":""}},"ast-content-background-meta":{"desktop":{"background-color":"var(--ast-global-color-5)","background-image":"","background-repeat":"repeat","background-position":"center center","background-size":"auto","background-attachment":"scroll","background-type":"","background-media":"","overlay-type":"","overlay-color":"","overlay-opacity":"","overlay-gradient":""},"tablet":{"background-color":"var(--ast-global-color-5)","background-image":"","background-repeat":"repeat","background-position":"center center","background-size":"auto","background-attachment":"scroll","background-type":"","background-media":"","overlay-type":"","overlay-color":"","overlay-opacity":"","overlay-gradient":""},"mobile":{"background-color":"var(--ast-global-color-5)","background-image":"","background-repeat":"repeat","background-position":"center center","background-size":"auto","background-attachment":"scroll","background-type":"","background-media":"","overlay-type":"","overlay-color":"","overlay-opacity":"","overlay-gradient":""}},"footnotes":""},"class_list":["post-1194","page","type-page","status-publish","hentry"],"_links":{"self":[{"href":"https:\/\/akademiasu.org.pl\/index.php?rest_route=\/wp\/v2\/pages\/1194","targetHints":{"allow":["GET"]}}],"collection":[{"href":"https:\/\/akademiasu.org.pl\/index.php?rest_route=\/wp\/v2\/pages"}],"about":[{"href":"https:\/\/akademiasu.org.pl\/index.php?rest_route=\/wp\/v2\/types\/page"}],"author":[{"embeddable":true,"href":"https:\/\/akademiasu.org.pl\/index.php?rest_route=\/wp\/v2\/users\/2"}],"replies":[{"embeddable":true,"href":"https:\/\/akademiasu.org.pl\/index.php?rest_route=%2Fwp%2Fv2%2Fcomments&post=1194"}],"version-history":[{"count":24,"href":"https:\/\/akademiasu.org.pl\/index.php?rest_route=\/wp\/v2\/pages\/1194\/revisions"}],"predecessor-version":[{"id":2756,"href":"https:\/\/akademiasu.org.pl\/index.php?rest_route=\/wp\/v2\/pages\/1194\/revisions\/2756"}],"up":[{"embeddable":true,"href":"https:\/\/akademiasu.org.pl\/index.php?rest_route=\/wp\/v2\/pages\/589"}],"wp:attachment":[{"href":"https:\/\/akademiasu.org.pl\/index.php?rest_route=%2Fwp%2Fv2%2Fmedia&parent=1194"}],"curies":[{"name":"wp","href":"https:\/\/api.w.org\/{rel}","templated":true}]}}